{"id":22091,"date":"2025-12-01T19:51:38","date_gmt":"2025-12-01T17:51:38","guid":{"rendered":"https:\/\/udawards.com\/product\/oak-stand-award\/"},"modified":"2026-02-26T21:01:08","modified_gmt":"2026-02-26T19:01:08","slug":"oak-stand-award","status":"publish","type":"product","link":"https:\/\/udawards.com\/de\/product\/oak-stand-award\/","title":{"rendered":"Troph\u00e4e Eichenpodest"},"content":{"rendered":"<p data-start=\"766\" data-end=\"1095\">Individuell gestaltete Auszeichnung f\u00fcr F\u00fchrungskr\u00e4fte-Meilensteine, Teamleistungen und Unternehmensanerkennung.<\/p>\n<p data-start=\"766\" data-end=\"1095\">\n","protected":false},"excerpt":{"rendered":"<ul>\n<li>Wir erstellen das Layout innerhalb von 1\u20133 Werktagen nach Auftragserteilung.<\/li>\n<li>Die Produktionszeit kann 3-7 Werktage ab dem Datum der Genehmigung des Layouts betragen.<\/li>\n<\/ul>\n","protected":false},"featured_media":22093,"comment_status":"closed","ping_status":"closed","template":"","meta":{"content-type":""},"product_brand":[],"product_cat":[228],"product_tag":[],"class_list":{"0":"post-22091","1":"product","2":"type-product","3":"status-publish","4":"has-post-thumbnail","6":"product_cat-trophaen-aus-gemischten-materialien","8":"first","9":"instock","10":"taxable","11":"shipping-taxable","12":"purchasable","13":"product-type-variable","14":"has-default-attributes"},"_links":{"self":[{"href":"https:\/\/udawards.com\/de\/wp-json\/wp\/v2\/product\/22091","targetHints":{"allow":["GET"]}}],"collection":[{"href":"https:\/\/udawards.com\/de\/wp-json\/wp\/v2\/product"}],"about":[{"href":"https:\/\/udawards.com\/de\/wp-json\/wp\/v2\/types\/product"}],"replies":[{"embeddable":true,"href":"https:\/\/udawards.com\/de\/wp-json\/wp\/v2\/comments?post=22091"}],"wp:featuredmedia":[{"embeddable":true,"href":"https:\/\/udawards.com\/de\/wp-json\/wp\/v2\/media\/22093"}],"wp:attachment":[{"href":"https:\/\/udawards.com\/de\/wp-json\/wp\/v2\/media?parent=22091"}],"wp:term":[{"taxonomy":"product_brand","embeddable":true,"href":"https:\/\/udawards.com\/de\/wp-json\/wp\/v2\/product_brand?post=22091"},{"taxonomy":"product_cat","embeddable":true,"href":"https:\/\/udawards.com\/de\/wp-json\/wp\/v2\/product_cat?post=22091"},{"taxonomy":"product_tag","embeddable":true,"href":"https:\/\/udawards.com\/de\/wp-json\/wp\/v2\/product_tag?post=22091"}],"curies":[{"name":"wp","href":"https:\/\/api.w.org\/{rel}","templated":true}]}}