{"id":22047,"date":"2026-01-31T12:25:10","date_gmt":"2026-01-31T10:25:10","guid":{"rendered":"https:\/\/udawards.com\/product\/monarch-plate\/"},"modified":"2026-02-26T20:57:17","modified_gmt":"2026-02-26T18:57:17","slug":"monarch-plate","status":"publish","type":"product","link":"https:\/\/udawards.com\/de\/product\/monarch-plate\/","title":{"rendered":"Monarch Plakette"},"content":{"rendered":"<p>Eine moderne Auszeichnung f\u00fcr Mitarbeiter.<\/p>\n<p>Optimal, um monatliche Erfolge, herausragende Leistungen oder hervorragende F\u00fchrungskompetenz elegant und zeitgem\u00e4\u00df zu w\u00fcrdigen.<\/p>\n<ul>\n<li>Sockel aus Birkensperrholz<\/li>\n<li>FlexiBrass-Metallplatte (in Gold, Silber oder Bronze erh\u00e4ltlich)<\/li>\n<li>Schwarze Lackierung<\/li>\n<li>Laserschnitt<\/li>\n<li>UV-Druck<\/li>\n<\/ul>\n","protected":false},"excerpt":{"rendered":"<div class=\"woocommerce-product-details__short-description\">\n<ul>\n<li>Wir erstellen das Layout innerhalb von 1\u20133 Werktagen nach Auftragserteilung.<\/li>\n<li>Die Produktionszeit betr\u00e4gt 10 Werktage ab dem Datum der Freigabe des Layouts.<\/li>\n<\/ul>\n<\/div>\n","protected":false},"featured_media":22048,"comment_status":"closed","ping_status":"closed","template":"","meta":{"content-type":""},"product_brand":[],"product_cat":[214],"product_tag":[],"class_list":{"0":"post-22047","1":"product","2":"type-product","3":"status-publish","4":"has-post-thumbnail","6":"product_cat-sperrholz-auszeichnungen","8":"first","9":"instock","10":"taxable","11":"shipping-taxable","12":"purchasable","13":"product-type-variable","14":"has-default-attributes"},"_links":{"self":[{"href":"https:\/\/udawards.com\/de\/wp-json\/wp\/v2\/product\/22047","targetHints":{"allow":["GET"]}}],"collection":[{"href":"https:\/\/udawards.com\/de\/wp-json\/wp\/v2\/product"}],"about":[{"href":"https:\/\/udawards.com\/de\/wp-json\/wp\/v2\/types\/product"}],"replies":[{"embeddable":true,"href":"https:\/\/udawards.com\/de\/wp-json\/wp\/v2\/comments?post=22047"}],"wp:featuredmedia":[{"embeddable":true,"href":"https:\/\/udawards.com\/de\/wp-json\/wp\/v2\/media\/22048"}],"wp:attachment":[{"href":"https:\/\/udawards.com\/de\/wp-json\/wp\/v2\/media?parent=22047"}],"wp:term":[{"taxonomy":"product_brand","embeddable":true,"href":"https:\/\/udawards.com\/de\/wp-json\/wp\/v2\/product_brand?post=22047"},{"taxonomy":"product_cat","embeddable":true,"href":"https:\/\/udawards.com\/de\/wp-json\/wp\/v2\/product_cat?post=22047"},{"taxonomy":"product_tag","embeddable":true,"href":"https:\/\/udawards.com\/de\/wp-json\/wp\/v2\/product_tag?post=22047"}],"curies":[{"name":"wp","href":"https:\/\/api.w.org\/{rel}","templated":true}]}}