{"id":22035,"date":"2026-01-31T12:38:07","date_gmt":"2026-01-31T10:38:07","guid":{"rendered":"https:\/\/udawards.com\/product\/northstar-trophy\/"},"modified":"2026-02-26T20:56:13","modified_gmt":"2026-02-26T18:56:13","slug":"northstar-trophy","status":"publish","type":"product","link":"https:\/\/udawards.com\/de\/product\/northstar-trophy\/","title":{"rendered":"Nordstern Troph\u00e4e"},"content":{"rendered":"<p data-start=\"347\" data-end=\"534\">Eine markante sternf\u00f6rmige Auszeichnung, handgefertigt aus massiver Eiche und mit einer leuchtenden, UV-bedruckten Plexiglasfront veredelt.<\/p>\n<p data-start=\"347\" data-end=\"534\">Ideal, um Spitzenleistungen, herausragende Talente oder bedeutende Meilensteine angemessen zu ehren.<\/p>\n<p data-start=\"347\" data-end=\"534\">Gro\u00df: 21 \u00d7 20 \u00d7 3,4 cm \/ 8,26\u201d \u00d7 7,87\u201d \u00d7 1,33\u201d<br data-start=\"618\" data-end=\"621\">Mittel: 19 \u00d7 18 \u00d7 3,4 cm \/ 7,48\u201d \u00d7 7,08\u201d \u00d7 1,33\u201d<br data-start=\"676\" data-end=\"679\">Klein: 16 \u00d7 15 \u00d7 3,4 cm \/ 6,3\u201d \u00d7 5,9\u201d \u00d7 1,33\u201d<\/p>\n","protected":false},"excerpt":{"rendered":"<ul>\n<li>Wir erstellen das Layout innerhalb von 1\u20133 Werktagen nach Auftragserteilung.<\/li>\n<li>Die Produktionszeit betr\u00e4gt 10 Werktage ab dem Datum der Freigabe des Layouts.<\/li>\n<\/ul>\n","protected":false},"featured_media":22041,"comment_status":"closed","ping_status":"closed","template":"","meta":{"content-type":""},"product_brand":[],"product_cat":[211],"product_tag":[],"class_list":{"0":"post-22035","1":"product","2":"type-product","3":"status-publish","4":"has-post-thumbnail","6":"product_cat-holz-und-umweltfreundlich","8":"first","9":"instock","10":"sale","11":"taxable","12":"shipping-taxable","13":"purchasable","14":"product-type-variable"},"_links":{"self":[{"href":"https:\/\/udawards.com\/de\/wp-json\/wp\/v2\/product\/22035","targetHints":{"allow":["GET"]}}],"collection":[{"href":"https:\/\/udawards.com\/de\/wp-json\/wp\/v2\/product"}],"about":[{"href":"https:\/\/udawards.com\/de\/wp-json\/wp\/v2\/types\/product"}],"replies":[{"embeddable":true,"href":"https:\/\/udawards.com\/de\/wp-json\/wp\/v2\/comments?post=22035"}],"wp:featuredmedia":[{"embeddable":true,"href":"https:\/\/udawards.com\/de\/wp-json\/wp\/v2\/media\/22041"}],"wp:attachment":[{"href":"https:\/\/udawards.com\/de\/wp-json\/wp\/v2\/media?parent=22035"}],"wp:term":[{"taxonomy":"product_brand","embeddable":true,"href":"https:\/\/udawards.com\/de\/wp-json\/wp\/v2\/product_brand?post=22035"},{"taxonomy":"product_cat","embeddable":true,"href":"https:\/\/udawards.com\/de\/wp-json\/wp\/v2\/product_cat?post=22035"},{"taxonomy":"product_tag","embeddable":true,"href":"https:\/\/udawards.com\/de\/wp-json\/wp\/v2\/product_tag?post=22035"}],"curies":[{"name":"wp","href":"https:\/\/api.w.org\/{rel}","templated":true}]}}