{"id":22027,"date":"2026-01-31T12:46:03","date_gmt":"2026-01-31T10:46:03","guid":{"rendered":"https:\/\/udawards.com\/product\/silent-hollow\/"},"modified":"2026-02-26T20:54:56","modified_gmt":"2026-02-26T18:54:56","slug":"silent-hollow","status":"publish","type":"product","link":"https:\/\/udawards.com\/de\/product\/silent-hollow\/","title":{"rendered":"Troph\u00e4e Stilles Tal"},"content":{"rendered":"<p data-start=\"470\" data-end=\"585\">Eine moderne, handgefertigte Auszeichnung mit charakteristischem Ausschnitt \u2013 ideal zur W\u00fcrdigung von Kreativit\u00e4t, F\u00fchrungsst\u00e4rke und Innovation.<\/p>\n<p data-start=\"1219\" data-end=\"1237\">Materialien:<\/p>\n<ul data-start=\"1238\" data-end=\"1382\">\n<li data-start=\"1238\" data-end=\"1275\">\n<p data-start=\"1240\" data-end=\"1275\">Massives Eichenholz<\/p>\n<\/li>\n<li data-start=\"1276\" data-end=\"1319\">\n<p data-start=\"1278\" data-end=\"1319\">Schwarze, hochgl\u00e4nzende Plexiglas-Frontplatte<\/p>\n<\/li>\n<li data-start=\"1320\" data-end=\"1350\">\n<p data-start=\"1322\" data-end=\"1350\">UV-gedruckte Personalisierung<\/p>\n<\/li>\n<li data-start=\"1351\" data-end=\"1382\">\n<p data-start=\"1353\" data-end=\"1382\">Pr\u00e4zisions-Laserschnittdetails<\/p>\n<\/li>\n<\/ul>\n","protected":false},"excerpt":{"rendered":"<ul>\n<li>Wir erstellen das Layout innerhalb von 1\u20133 Werktagen nach Auftragserteilung.<\/li>\n<li>Die Produktionszeit betr\u00e4gt 10 Werktage ab dem Datum der Freigabe des Layouts.<\/li>\n<\/ul>\n","protected":false},"featured_media":22029,"comment_status":"closed","ping_status":"closed","template":"","meta":{"content-type":""},"product_brand":[],"product_cat":[211],"product_tag":[],"class_list":{"0":"post-22027","1":"product","2":"type-product","3":"status-publish","4":"has-post-thumbnail","6":"product_cat-holz-und-umweltfreundlich","8":"first","9":"instock","10":"taxable","11":"shipping-taxable","12":"purchasable","13":"product-type-variable","14":"has-default-attributes"},"_links":{"self":[{"href":"https:\/\/udawards.com\/de\/wp-json\/wp\/v2\/product\/22027","targetHints":{"allow":["GET"]}}],"collection":[{"href":"https:\/\/udawards.com\/de\/wp-json\/wp\/v2\/product"}],"about":[{"href":"https:\/\/udawards.com\/de\/wp-json\/wp\/v2\/types\/product"}],"replies":[{"embeddable":true,"href":"https:\/\/udawards.com\/de\/wp-json\/wp\/v2\/comments?post=22027"}],"wp:featuredmedia":[{"embeddable":true,"href":"https:\/\/udawards.com\/de\/wp-json\/wp\/v2\/media\/22029"}],"wp:attachment":[{"href":"https:\/\/udawards.com\/de\/wp-json\/wp\/v2\/media?parent=22027"}],"wp:term":[{"taxonomy":"product_brand","embeddable":true,"href":"https:\/\/udawards.com\/de\/wp-json\/wp\/v2\/product_brand?post=22027"},{"taxonomy":"product_cat","embeddable":true,"href":"https:\/\/udawards.com\/de\/wp-json\/wp\/v2\/product_cat?post=22027"},{"taxonomy":"product_tag","embeddable":true,"href":"https:\/\/udawards.com\/de\/wp-json\/wp\/v2\/product_tag?post=22027"}],"curies":[{"name":"wp","href":"https:\/\/api.w.org\/{rel}","templated":true}]}}