{"id":22018,"date":"2026-01-31T12:56:09","date_gmt":"2026-01-31T10:56:09","guid":{"rendered":"https:\/\/udawards.com\/product\/urban-spirit\/"},"modified":"2026-02-26T20:53:47","modified_gmt":"2026-02-26T18:53:47","slug":"urban-spirit","status":"publish","type":"product","link":"https:\/\/udawards.com\/de\/product\/urban-spirit\/","title":{"rendered":"Urbaner Geist"},"content":{"rendered":"<p>Eine moderne Auszeichnung, die Sichtbeton mit naturbelassener Eiche kombiniert \u2013 ideal, um mutige F\u00fchrung und vision\u00e4re Leistungen zu w\u00fcrdigen.<\/p>\n<p>Perfekt f\u00fcr:<\/p>\n<ul>\n<li>F\u00fchrungsauszeichnungen<\/li>\n<li>Moderne Unternehmensanerkennung<\/li>\n<\/ul>\n","protected":false},"excerpt":{"rendered":"<ul>\n<li>Wir erstellen das Layout innerhalb von 1\u20133 Werktagen nach Auftragserteilung.<\/li>\n<li>Die Produktionszeit betr\u00e4gt 10 Werktage ab dem Datum der Freigabe des Layouts.<\/li>\n<\/ul>\n","protected":false},"featured_media":21650,"comment_status":"open","ping_status":"closed","template":"","meta":{"content-type":""},"product_brand":[],"product_cat":[278],"product_tag":[],"class_list":{"0":"post-22018","1":"product","2":"type-product","3":"status-publish","4":"has-post-thumbnail","6":"product_cat-betontrophaen","8":"first","9":"instock","10":"taxable","11":"shipping-taxable","12":"purchasable","13":"product-type-variable","14":"has-default-attributes"},"_links":{"self":[{"href":"https:\/\/udawards.com\/de\/wp-json\/wp\/v2\/product\/22018","targetHints":{"allow":["GET"]}}],"collection":[{"href":"https:\/\/udawards.com\/de\/wp-json\/wp\/v2\/product"}],"about":[{"href":"https:\/\/udawards.com\/de\/wp-json\/wp\/v2\/types\/product"}],"replies":[{"embeddable":true,"href":"https:\/\/udawards.com\/de\/wp-json\/wp\/v2\/comments?post=22018"}],"wp:featuredmedia":[{"embeddable":true,"href":"https:\/\/udawards.com\/de\/wp-json\/wp\/v2\/media\/21650"}],"wp:attachment":[{"href":"https:\/\/udawards.com\/de\/wp-json\/wp\/v2\/media?parent=22018"}],"wp:term":[{"taxonomy":"product_brand","embeddable":true,"href":"https:\/\/udawards.com\/de\/wp-json\/wp\/v2\/product_brand?post=22018"},{"taxonomy":"product_cat","embeddable":true,"href":"https:\/\/udawards.com\/de\/wp-json\/wp\/v2\/product_cat?post=22018"},{"taxonomy":"product_tag","embeddable":true,"href":"https:\/\/udawards.com\/de\/wp-json\/wp\/v2\/product_tag?post=22018"}],"curies":[{"name":"wp","href":"https:\/\/api.w.org\/{rel}","templated":true}]}}