{"id":21981,"date":"2026-01-31T13:48:24","date_gmt":"2026-01-31T11:48:24","guid":{"rendered":"https:\/\/udawards.com\/product\/concrete-essence\/"},"modified":"2026-02-26T20:48:56","modified_gmt":"2026-02-26T18:48:56","slug":"concrete-essence","status":"publish","type":"product","link":"https:\/\/udawards.com\/de\/product\/concrete-essence\/","title":{"rendered":"Betones\u00adsenz"},"content":{"rendered":"<p>Diese moderne Betonauszeichnung eignet sich hervorragend zur W\u00fcrdigung herausragender F\u00fchrungsqualit\u00e4ten, Innovation oder Lebensleistungen und hinterl\u00e4sst einen starken, bleibenden Eindruck.<\/p>\n<p data-start=\"737\" data-end=\"766\">Materialien &amp; Merkmale:<\/p>\n<ul data-start=\"767\" data-end=\"896\">\n<li data-start=\"767\" data-end=\"785\">\n<p data-start=\"769\" data-end=\"785\">Massiver Beton<br \/>Solid Concrete<\/p>\n<\/li>\n<li data-start=\"786\" data-end=\"808\">\n<p data-start=\"788\" data-end=\"808\">Pr\u00e4ziser UV-Druck<\/p>\n<\/li>\n<li data-start=\"809\" data-end=\"834\">\n<p data-start=\"811\" data-end=\"834\">Handbearbeitete Oberfl\u00e4che<\/p>\n<\/li>\n<li data-start=\"835\" data-end=\"866\">\n<p data-start=\"837\" data-end=\"866\">Markante skulpturale Form<\/p>\n<\/li>\n<li data-start=\"867\" data-end=\"896\">\n<p data-start=\"869\" data-end=\"896\">Moderne industrielle \u00c4sthetik<\/p>\n<\/li>\n<\/ul>\n","protected":false},"excerpt":{"rendered":"<ul>\n<li>Wir erstellen das Layout innerhalb von 1\u20133 Werktagen nach Auftragserteilung.<\/li>\n<li>Die Produktionszeit betr\u00e4gt 10 Werktage ab dem Datum der Freigabe des Layouts.<\/li>\n<\/ul>\n","protected":false},"featured_media":21685,"comment_status":"open","ping_status":"closed","template":"","meta":{"content-type":""},"product_brand":[],"product_cat":[278],"product_tag":[],"class_list":{"0":"post-21981","1":"product","2":"type-product","3":"status-publish","4":"has-post-thumbnail","6":"product_cat-betontrophaen","8":"first","9":"instock","10":"taxable","11":"shipping-taxable","12":"purchasable","13":"product-type-variable","14":"has-default-attributes"},"_links":{"self":[{"href":"https:\/\/udawards.com\/de\/wp-json\/wp\/v2\/product\/21981","targetHints":{"allow":["GET"]}}],"collection":[{"href":"https:\/\/udawards.com\/de\/wp-json\/wp\/v2\/product"}],"about":[{"href":"https:\/\/udawards.com\/de\/wp-json\/wp\/v2\/types\/product"}],"replies":[{"embeddable":true,"href":"https:\/\/udawards.com\/de\/wp-json\/wp\/v2\/comments?post=21981"}],"wp:featuredmedia":[{"embeddable":true,"href":"https:\/\/udawards.com\/de\/wp-json\/wp\/v2\/media\/21685"}],"wp:attachment":[{"href":"https:\/\/udawards.com\/de\/wp-json\/wp\/v2\/media?parent=21981"}],"wp:term":[{"taxonomy":"product_brand","embeddable":true,"href":"https:\/\/udawards.com\/de\/wp-json\/wp\/v2\/product_brand?post=21981"},{"taxonomy":"product_cat","embeddable":true,"href":"https:\/\/udawards.com\/de\/wp-json\/wp\/v2\/product_cat?post=21981"},{"taxonomy":"product_tag","embeddable":true,"href":"https:\/\/udawards.com\/de\/wp-json\/wp\/v2\/product_tag?post=21981"}],"curies":[{"name":"wp","href":"https:\/\/api.w.org\/{rel}","templated":true}]}}