{"id":21953,"date":"2026-01-31T14:22:35","date_gmt":"2026-01-31T12:22:35","guid":{"rendered":"https:\/\/udawards.com\/product\/prism-peak-award\/"},"modified":"2026-02-26T20:45:17","modified_gmt":"2026-02-26T18:45:17","slug":"prism-peak-award","status":"publish","type":"product","link":"https:\/\/udawards.com\/de\/product\/prism-peak-award\/","title":{"rendered":"Prisma Troph\u00e4e"},"content":{"rendered":"<p>Eine eindrucksvolle Auszeichnung mit einem geometrischen Plexiglasprisma, das aus massiver, schwarz lackierter Eiche emporragt \u2013 perfekt zur W\u00fcrdigung von Kreativit\u00e4t, Innovation oder mutiger F\u00fchrung.<\/p>\n","protected":false},"excerpt":{"rendered":"<ul>\n<li>Wir erstellen das Layout innerhalb von 1\u20133 Werktagen nach Auftragserteilung.<\/li>\n<li>Die Produktionszeit kann 3-7 Werktage ab dem Datum der Genehmigung des Layouts betragen.<\/li>\n<\/ul>\n","protected":false},"featured_media":21954,"comment_status":"closed","ping_status":"closed","template":"","meta":{"content-type":""},"product_brand":[],"product_cat":[218],"product_tag":[],"class_list":{"0":"post-21953","1":"product","2":"type-product","3":"status-publish","4":"has-post-thumbnail","6":"product_cat-acryl-auszeichnungen","8":"first","9":"instock","10":"taxable","11":"shipping-taxable","12":"purchasable","13":"product-type-variable","14":"has-default-attributes"},"_links":{"self":[{"href":"https:\/\/udawards.com\/de\/wp-json\/wp\/v2\/product\/21953","targetHints":{"allow":["GET"]}}],"collection":[{"href":"https:\/\/udawards.com\/de\/wp-json\/wp\/v2\/product"}],"about":[{"href":"https:\/\/udawards.com\/de\/wp-json\/wp\/v2\/types\/product"}],"replies":[{"embeddable":true,"href":"https:\/\/udawards.com\/de\/wp-json\/wp\/v2\/comments?post=21953"}],"wp:featuredmedia":[{"embeddable":true,"href":"https:\/\/udawards.com\/de\/wp-json\/wp\/v2\/media\/21954"}],"wp:attachment":[{"href":"https:\/\/udawards.com\/de\/wp-json\/wp\/v2\/media?parent=21953"}],"wp:term":[{"taxonomy":"product_brand","embeddable":true,"href":"https:\/\/udawards.com\/de\/wp-json\/wp\/v2\/product_brand?post=21953"},{"taxonomy":"product_cat","embeddable":true,"href":"https:\/\/udawards.com\/de\/wp-json\/wp\/v2\/product_cat?post=21953"},{"taxonomy":"product_tag","embeddable":true,"href":"https:\/\/udawards.com\/de\/wp-json\/wp\/v2\/product_tag?post=21953"}],"curies":[{"name":"wp","href":"https:\/\/api.w.org\/{rel}","templated":true}]}}