{"id":21889,"date":"2026-01-31T16:36:59","date_gmt":"2026-01-31T14:36:59","guid":{"rendered":"https:\/\/udawards.com\/product\/starlight-achievement\/"},"modified":"2026-03-08T15:44:37","modified_gmt":"2026-03-08T13:44:37","slug":"starlight-achievement","status":"publish","type":"product","link":"https:\/\/udawards.com\/de\/product\/starlight-achievement\/","title":{"rendered":"Starlight Auszeichnung"},"content":{"rendered":"<p>Moderner Stern als Auszeichnung aus hochwertigem Plexiglas mit farbigem UV-Druck. Eine hervorragende Wahl zur W\u00fcrdigung von Nachwuchstalenten, Spitzenkr\u00e4ften oder kreativen Leistungen.<\/p>\n<p>Materialien: Plexiglas<br data-start=\"364\" data-end=\"367\">Eigenschaften: UV-Druck, transparenter Korpus, Sternform<br data-start=\"419\" data-end=\"422\">Ideal f\u00fcr: Auszeichnungen f\u00fcr Nachwuchstalente, Mitarbeiter des Monats, Anerkennung f\u00fcr Spitzenleistungen, Geschenke f\u00fcr kreative Teams<\/p>\n","protected":false},"excerpt":{"rendered":"<ul>\n<li>Wir erstellen das Layout innerhalb von 1\u20133 Werktagen nach Auftragserteilung.<\/li>\n<li>Die Produktionszeit kann 3-7 Werktage ab dem Datum der Genehmigung des Layouts betragen.<\/li>\n<\/ul>\n","protected":false},"featured_media":21891,"comment_status":"closed","ping_status":"closed","template":"","meta":{"content-type":""},"product_brand":[],"product_cat":[218],"product_tag":[],"class_list":{"0":"post-21889","1":"product","2":"type-product","3":"status-publish","4":"has-post-thumbnail","6":"product_cat-acryl-auszeichnungen","8":"first","9":"instock","10":"taxable","11":"shipping-taxable","12":"purchasable","13":"product-type-variable"},"_links":{"self":[{"href":"https:\/\/udawards.com\/de\/wp-json\/wp\/v2\/product\/21889","targetHints":{"allow":["GET"]}}],"collection":[{"href":"https:\/\/udawards.com\/de\/wp-json\/wp\/v2\/product"}],"about":[{"href":"https:\/\/udawards.com\/de\/wp-json\/wp\/v2\/types\/product"}],"replies":[{"embeddable":true,"href":"https:\/\/udawards.com\/de\/wp-json\/wp\/v2\/comments?post=21889"}],"wp:featuredmedia":[{"embeddable":true,"href":"https:\/\/udawards.com\/de\/wp-json\/wp\/v2\/media\/21891"}],"wp:attachment":[{"href":"https:\/\/udawards.com\/de\/wp-json\/wp\/v2\/media?parent=21889"}],"wp:term":[{"taxonomy":"product_brand","embeddable":true,"href":"https:\/\/udawards.com\/de\/wp-json\/wp\/v2\/product_brand?post=21889"},{"taxonomy":"product_cat","embeddable":true,"href":"https:\/\/udawards.com\/de\/wp-json\/wp\/v2\/product_cat?post=21889"},{"taxonomy":"product_tag","embeddable":true,"href":"https:\/\/udawards.com\/de\/wp-json\/wp\/v2\/product_tag?post=21889"}],"curies":[{"name":"wp","href":"https:\/\/api.w.org\/{rel}","templated":true}]}}