{"id":21882,"date":"2026-01-31T16:49:21","date_gmt":"2026-01-31T14:49:21","guid":{"rendered":"https:\/\/udawards.com\/product\/solid-oak-plexiglass-award\/"},"modified":"2026-02-26T20:33:51","modified_gmt":"2026-02-26T18:33:51","slug":"solid-oak-plexiglass-award","status":"publish","type":"product","link":"https:\/\/udawards.com\/de\/product\/solid-oak-plexiglass-award\/","title":{"rendered":"Troph\u00e4e aus Eichenholz und Plexiglas"},"content":{"rendered":"<p data-start=\"414\" data-end=\"493\">Moderner, runder Preis, handgefertigt aus massiver Eiche, ideal zur W\u00fcrdigung von Kreativit\u00e4t, F\u00fchrungsqualit\u00e4ten oder Innovation.<\/p>\n<p data-start=\"414\" data-end=\"493\">Materialien:<br data-start=\"428\" data-end=\"431\">\u2022 Massives Eichenholz<br data-start=\"442\" data-end=\"445\">\u2022 Transparentes Plexiglas<br data-start=\"469\" data-end=\"472\">\u2022 UV-bedrucktes Design<\/p>\n<p data-start=\"495\" data-end=\"707\">Eigenschaften:<br data-start=\"508\" data-end=\"511\">\u2022 Auff\u00e4lliger runder Einsatz im Naturholzrahmen<br data-start=\"561\" data-end=\"564\">\u2022 Glatte Kanten und klarer UV-Druck f\u00fcr ein professionelles Erscheinungsbild<br data-start=\"621\" data-end=\"624\">\u2022 Personalisierung mit Logo und Text m\u00f6glich<br data-start=\"670\" data-end=\"673\">\u2022 Freistehend, kein Sockel erforderlich<\/p>\n","protected":false},"excerpt":{"rendered":"<ul>\n<li>Wir erstellen das Layout innerhalb von 1\u20133 Werktagen nach Auftragserteilung.<\/li>\n<li>Die Produktionszeit betr\u00e4gt 10 Werktage ab dem Datum der Freigabe des Layouts.<\/li>\n<\/ul>\n","protected":false},"featured_media":21884,"comment_status":"closed","ping_status":"closed","template":"","meta":{"content-type":""},"product_brand":[],"product_cat":[211],"product_tag":[],"class_list":{"0":"post-21882","1":"product","2":"type-product","3":"status-publish","4":"has-post-thumbnail","6":"product_cat-holz-und-umweltfreundlich","8":"first","9":"instock","10":"taxable","11":"shipping-taxable","12":"purchasable","13":"product-type-variable","14":"has-default-attributes"},"_links":{"self":[{"href":"https:\/\/udawards.com\/de\/wp-json\/wp\/v2\/product\/21882","targetHints":{"allow":["GET"]}}],"collection":[{"href":"https:\/\/udawards.com\/de\/wp-json\/wp\/v2\/product"}],"about":[{"href":"https:\/\/udawards.com\/de\/wp-json\/wp\/v2\/types\/product"}],"replies":[{"embeddable":true,"href":"https:\/\/udawards.com\/de\/wp-json\/wp\/v2\/comments?post=21882"}],"wp:featuredmedia":[{"embeddable":true,"href":"https:\/\/udawards.com\/de\/wp-json\/wp\/v2\/media\/21884"}],"wp:attachment":[{"href":"https:\/\/udawards.com\/de\/wp-json\/wp\/v2\/media?parent=21882"}],"wp:term":[{"taxonomy":"product_brand","embeddable":true,"href":"https:\/\/udawards.com\/de\/wp-json\/wp\/v2\/product_brand?post=21882"},{"taxonomy":"product_cat","embeddable":true,"href":"https:\/\/udawards.com\/de\/wp-json\/wp\/v2\/product_cat?post=21882"},{"taxonomy":"product_tag","embeddable":true,"href":"https:\/\/udawards.com\/de\/wp-json\/wp\/v2\/product_tag?post=21882"}],"curies":[{"name":"wp","href":"https:\/\/api.w.org\/{rel}","templated":true}]}}