{"id":21836,"date":"2026-01-31T17:24:37","date_gmt":"2026-01-31T15:24:37","guid":{"rendered":"https:\/\/udawards.com\/product\/beton-ebenholz\/"},"modified":"2026-01-31T17:24:37","modified_gmt":"2026-01-31T15:24:37","slug":"beton-ebenholz","status":"publish","type":"product","link":"https:\/\/udawards.com\/de\/product\/beton-ebenholz\/","title":{"rendered":"Beton &amp; Ebenholz"},"content":{"rendered":"<p>Ein ausdrucksstarkes Schmuckst\u00fcck, das Erfolge stilvoll w\u00fcrdigt. Die Troph\u00e4e vereint rohe, nat\u00fcrliche Materialien mit einer klaren geometrischen Form und schafft so eine moderne und zeitlose Auszeichnung. <\/p>\n<p>Materialien:<\/p>\n<ul>\n<li data-start=\"665\" data-end=\"741\">Oberer Block: Sichtbeton mit sichtbarer Textur und nat\u00fcrlichen Unvollkommenheiten<\/li>\n<li data-start=\"744\" data-end=\"797\">Gestell: Massive Eiche, handlackiert<\/li>\n<li data-start=\"800\" data-end=\"866\">Druck: UV-gedruckte Grafiken f\u00fcr gestochen scharfe und langlebige Details<\/li>\n<\/ul>\n","protected":false},"excerpt":{"rendered":"<ul>\n<li>Wir erstellen das Layout innerhalb von 1\u20133 Werktagen nach Auftragserteilung.<\/li>\n<li>Die Produktionszeit betr\u00e4gt 10 Werktage ab dem Datum der Freigabe des Layouts.<\/li>\n<\/ul>\n","protected":false},"featured_media":21829,"comment_status":"open","ping_status":"closed","template":"","meta":{"content-type":""},"product_brand":[],"product_cat":[278],"product_tag":[],"class_list":{"0":"post-21836","1":"product","2":"type-product","3":"status-publish","4":"has-post-thumbnail","6":"product_cat-betontrophaen","8":"first","9":"instock","10":"taxable","11":"shipping-taxable","12":"purchasable","13":"product-type-variable","14":"has-default-attributes"},"_links":{"self":[{"href":"https:\/\/udawards.com\/de\/wp-json\/wp\/v2\/product\/21836","targetHints":{"allow":["GET"]}}],"collection":[{"href":"https:\/\/udawards.com\/de\/wp-json\/wp\/v2\/product"}],"about":[{"href":"https:\/\/udawards.com\/de\/wp-json\/wp\/v2\/types\/product"}],"replies":[{"embeddable":true,"href":"https:\/\/udawards.com\/de\/wp-json\/wp\/v2\/comments?post=21836"}],"wp:featuredmedia":[{"embeddable":true,"href":"https:\/\/udawards.com\/de\/wp-json\/wp\/v2\/media\/21829"}],"wp:attachment":[{"href":"https:\/\/udawards.com\/de\/wp-json\/wp\/v2\/media?parent=21836"}],"wp:term":[{"taxonomy":"product_brand","embeddable":true,"href":"https:\/\/udawards.com\/de\/wp-json\/wp\/v2\/product_brand?post=21836"},{"taxonomy":"product_cat","embeddable":true,"href":"https:\/\/udawards.com\/de\/wp-json\/wp\/v2\/product_cat?post=21836"},{"taxonomy":"product_tag","embeddable":true,"href":"https:\/\/udawards.com\/de\/wp-json\/wp\/v2\/product_tag?post=21836"}],"curies":[{"name":"wp","href":"https:\/\/api.w.org\/{rel}","templated":true}]}}