{"id":20955,"date":"2025-07-07T21:01:10","date_gmt":"2025-07-07T18:01:10","guid":{"rendered":"https:\/\/udawards.com\/product\/natuerliche-eiche-diamant-trophaee\/"},"modified":"2025-07-07T21:01:10","modified_gmt":"2025-07-07T18:01:10","slug":"natuerliche-eiche-diamant-trophaee","status":"publish","type":"product","link":"https:\/\/udawards.com\/de\/product\/natuerliche-eiche-diamant-trophaee\/","title":{"rendered":"Nat\u00fcrliche Eiche-Diamant-Troph\u00e4e"},"content":{"rendered":"<p>Elegante, handgefertigte Auszeichnung aus massivem Eichenholz und edlem schwarzem Plexiglas.<\/p>\n<p data-start=\"900\" data-end=\"946\">Perfekt geeignet f\u00fcr:<\/p>\n<ul data-start=\"947\" data-end=\"1051\">\n<li data-start=\"973\" data-end=\"1009\">\n<p data-start=\"975\" data-end=\"1009\">Anerkennung von Mitarbeitern oder F\u00fchrungskr\u00e4ften<\/p>\n<\/li>\n<li data-start=\"1010\" data-end=\"1051\">\n<p data-start=\"1012\" data-end=\"1051\">Personalisierte Geschenke f\u00fcr besondere Anl\u00e4sse oder Jubil\u00e4en<\/p>\n<\/li>\n<\/ul>\n","protected":false},"excerpt":{"rendered":"<ul>\n<li>Wir erstellen das Layout innerhalb von 1\u20133 Werktagen nach Auftragserteilung.<\/li>\n<li>Die Produktionszeit betr\u00e4gt 10 Werktage ab dem Datum der Freigabe des Layouts.<\/li>\n<\/ul>\n","protected":false},"featured_media":20956,"comment_status":"closed","ping_status":"closed","template":"","meta":{"content-type":""},"product_brand":[],"product_cat":[228],"product_tag":[],"class_list":{"0":"post-20955","1":"product","2":"type-product","3":"status-publish","4":"has-post-thumbnail","6":"product_cat-trophaen-aus-gemischten-materialien","8":"first","9":"instock","10":"taxable","11":"shipping-taxable","12":"purchasable","13":"product-type-variable","14":"has-default-attributes"},"_links":{"self":[{"href":"https:\/\/udawards.com\/de\/wp-json\/wp\/v2\/product\/20955","targetHints":{"allow":["GET"]}}],"collection":[{"href":"https:\/\/udawards.com\/de\/wp-json\/wp\/v2\/product"}],"about":[{"href":"https:\/\/udawards.com\/de\/wp-json\/wp\/v2\/types\/product"}],"replies":[{"embeddable":true,"href":"https:\/\/udawards.com\/de\/wp-json\/wp\/v2\/comments?post=20955"}],"wp:featuredmedia":[{"embeddable":true,"href":"https:\/\/udawards.com\/de\/wp-json\/wp\/v2\/media\/20956"}],"wp:attachment":[{"href":"https:\/\/udawards.com\/de\/wp-json\/wp\/v2\/media?parent=20955"}],"wp:term":[{"taxonomy":"product_brand","embeddable":true,"href":"https:\/\/udawards.com\/de\/wp-json\/wp\/v2\/product_brand?post=20955"},{"taxonomy":"product_cat","embeddable":true,"href":"https:\/\/udawards.com\/de\/wp-json\/wp\/v2\/product_cat?post=20955"},{"taxonomy":"product_tag","embeddable":true,"href":"https:\/\/udawards.com\/de\/wp-json\/wp\/v2\/product_tag?post=20955"}],"curies":[{"name":"wp","href":"https:\/\/api.w.org\/{rel}","templated":true}]}}