{"id":20922,"date":"2025-06-25T20:06:11","date_gmt":"2025-06-25T17:06:11","guid":{"rendered":"https:\/\/udawards.com\/product\/lumina-natur-trophaee\/"},"modified":"2025-11-14T03:34:46","modified_gmt":"2025-11-14T01:34:46","slug":"lumina-natur-trophaee","status":"publish","type":"product","link":"https:\/\/udawards.com\/de\/product\/lumina-natur-trophaee\/","title":{"rendered":"Lumina-Natur-Troph\u00e4e"},"content":{"rendered":"<p data-start=\"2598\" data-end=\"2611\">UV-bedruckt mit Ihrem Logo und einer pers\u00f6nlichen Botschaft wird diese Troph\u00e4e zu einem einzigartigen Zeichen der Anerkennung.<\/p>\n<p data-start=\"2598\" data-end=\"2611\"><strong data-start=\"2598\" data-end=\"2611\">Merkmale:<\/strong><\/p>\n<ul data-start=\"2612\" data-end=\"2807\">\n<li data-start=\"2612\" data-end=\"2645\">\n<p data-start=\"2614\" data-end=\"2645\">100 % massives Eichenholz<\/p>\n<\/li>\n<li data-start=\"2646\" data-end=\"2679\">\n<p data-start=\"2648\" data-end=\"2679\">Erh\u00e4ltlich in drei Gr\u00f6\u00dfen<\/p>\n<\/li>\n<\/ul>\n","protected":false},"excerpt":{"rendered":"<ul>\n<li>Wir erstellen das Layout innerhalb von 1\u20133 Werktagen nach Auftragserteilung.<\/li>\n<li>Die Produktionszeit kann 3-7 Werktage ab dem Datum der Genehmigung des Layouts betragen.<\/li>\n<\/ul>\n","protected":false},"featured_media":20928,"comment_status":"closed","ping_status":"closed","template":"","meta":{"content-type":""},"product_brand":[],"product_cat":[211],"product_tag":[],"class_list":{"0":"post-20922","1":"product","2":"type-product","3":"status-publish","4":"has-post-thumbnail","6":"product_cat-holz-und-umweltfreundlich","8":"first","9":"instock","10":"taxable","11":"shipping-taxable","12":"purchasable","13":"product-type-variable","14":"has-default-attributes"},"_links":{"self":[{"href":"https:\/\/udawards.com\/de\/wp-json\/wp\/v2\/product\/20922","targetHints":{"allow":["GET"]}}],"collection":[{"href":"https:\/\/udawards.com\/de\/wp-json\/wp\/v2\/product"}],"about":[{"href":"https:\/\/udawards.com\/de\/wp-json\/wp\/v2\/types\/product"}],"replies":[{"embeddable":true,"href":"https:\/\/udawards.com\/de\/wp-json\/wp\/v2\/comments?post=20922"}],"wp:featuredmedia":[{"embeddable":true,"href":"https:\/\/udawards.com\/de\/wp-json\/wp\/v2\/media\/20928"}],"wp:attachment":[{"href":"https:\/\/udawards.com\/de\/wp-json\/wp\/v2\/media?parent=20922"}],"wp:term":[{"taxonomy":"product_brand","embeddable":true,"href":"https:\/\/udawards.com\/de\/wp-json\/wp\/v2\/product_brand?post=20922"},{"taxonomy":"product_cat","embeddable":true,"href":"https:\/\/udawards.com\/de\/wp-json\/wp\/v2\/product_cat?post=20922"},{"taxonomy":"product_tag","embeddable":true,"href":"https:\/\/udawards.com\/de\/wp-json\/wp\/v2\/product_tag?post=20922"}],"curies":[{"name":"wp","href":"https:\/\/api.w.org\/{rel}","templated":true}]}}