{"id":20909,"date":"2025-01-10T20:16:06","date_gmt":"2025-01-10T18:16:06","guid":{"rendered":"https:\/\/udawards.com\/product\/aufstrebende-spitze-trophaee\/"},"modified":"2025-11-14T03:12:46","modified_gmt":"2025-11-14T01:12:46","slug":"aufstrebende-spitze-trophaee","status":"publish","type":"product","link":"https:\/\/udawards.com\/de\/product\/aufstrebende-spitze-trophaee\/","title":{"rendered":"Aufstrebende Spitze-Troph\u00e4e"},"content":{"rendered":"<p>Elegante, handgefertigte Auszeichnung aus hochwertiger massiver Eiche und geschmackvollem Flexibrass f\u00fcr ein edles, modernes Finish. Das asymmetrische Design erzeugt einen auff\u00e4lligen, einzigartigen Look; Logos und Texte lassen sich gravieren oder per UV-Druck personalisieren. Ideal, um Firmenerfolge, berufliche Meilensteine oder exzellente Leistungen zu feiern. Erh\u00e4ltlich in mehreren Gr\u00f6\u00dfen f\u00fcr flexible Auszeichnungsbed\u00fcrfnisse.   <\/p>\n","protected":false},"excerpt":{"rendered":"<ul>\n<li>Wir erstellen das Layout innerhalb von 1\u20133 Werktagen nach Auftragserteilung.<\/li>\n<li>Die Produktionszeit kann 3-7 Werktage ab dem Datum der Genehmigung des Layouts betragen.<\/li>\n<\/ul>\n","protected":false},"featured_media":20911,"comment_status":"closed","ping_status":"closed","template":"","meta":{"content-type":""},"product_brand":[],"product_cat":[228],"product_tag":[],"class_list":{"0":"post-20909","1":"product","2":"type-product","3":"status-publish","4":"has-post-thumbnail","6":"product_cat-trophaen-aus-gemischten-materialien","8":"first","9":"instock","10":"taxable","11":"shipping-taxable","12":"purchasable","13":"product-type-variable"},"_links":{"self":[{"href":"https:\/\/udawards.com\/de\/wp-json\/wp\/v2\/product\/20909","targetHints":{"allow":["GET"]}}],"collection":[{"href":"https:\/\/udawards.com\/de\/wp-json\/wp\/v2\/product"}],"about":[{"href":"https:\/\/udawards.com\/de\/wp-json\/wp\/v2\/types\/product"}],"replies":[{"embeddable":true,"href":"https:\/\/udawards.com\/de\/wp-json\/wp\/v2\/comments?post=20909"}],"wp:featuredmedia":[{"embeddable":true,"href":"https:\/\/udawards.com\/de\/wp-json\/wp\/v2\/media\/20911"}],"wp:attachment":[{"href":"https:\/\/udawards.com\/de\/wp-json\/wp\/v2\/media?parent=20909"}],"wp:term":[{"taxonomy":"product_brand","embeddable":true,"href":"https:\/\/udawards.com\/de\/wp-json\/wp\/v2\/product_brand?post=20909"},{"taxonomy":"product_cat","embeddable":true,"href":"https:\/\/udawards.com\/de\/wp-json\/wp\/v2\/product_cat?post=20909"},{"taxonomy":"product_tag","embeddable":true,"href":"https:\/\/udawards.com\/de\/wp-json\/wp\/v2\/product_tag?post=20909"}],"curies":[{"name":"wp","href":"https:\/\/api.w.org\/{rel}","templated":true}]}}