{"id":20895,"date":"2025-01-21T17:35:29","date_gmt":"2025-01-21T15:35:29","guid":{"rendered":"https:\/\/udawards.com\/product\/meilenstein-holztrophaee\/"},"modified":"2025-11-14T03:16:11","modified_gmt":"2025-11-14T01:16:11","slug":"meilenstein-holztrophaee","status":"publish","type":"product","link":"https:\/\/udawards.com\/de\/product\/meilenstein-holztrophaee\/","title":{"rendered":"Meilenstein-Holztroph\u00e4e"},"content":{"rendered":"<p>Handgefertigte Holztroph\u00e4e aus nat\u00fcrlichem massivem Eichenholz mit edler Holzbeize f\u00fcr ein anspruchsvolles Erscheinungsbild. Die runde Flexibrass-Platte mit lasergravierten Details verbindet Eleganz und Modernit\u00e4t. Perfekt, um Erfolge mit einem zeitlosen Design zu w\u00fcrdigen \u2013 die einzigartige Tropfenform sticht in jedem Umfeld hervor.  <\/p>\n","protected":false},"excerpt":{"rendered":"<ul>\n<li>Wir erstellen das Layout innerhalb von 1\u20133 Werktagen nach Auftragserteilung.<\/li>\n<li>Die Produktionszeit betr\u00e4gt 10 Werktage ab dem Datum der Freigabe des Layouts.<\/li>\n<\/ul>\n","protected":false},"featured_media":20897,"comment_status":"closed","ping_status":"closed","template":"","meta":{"content-type":""},"product_brand":[],"product_cat":[211],"product_tag":[],"class_list":{"0":"post-20895","1":"product","2":"type-product","3":"status-publish","4":"has-post-thumbnail","6":"product_cat-holz-und-umweltfreundlich","8":"first","9":"instock","10":"taxable","11":"shipping-taxable","12":"purchasable","13":"product-type-variable","14":"has-default-attributes"},"_links":{"self":[{"href":"https:\/\/udawards.com\/de\/wp-json\/wp\/v2\/product\/20895","targetHints":{"allow":["GET"]}}],"collection":[{"href":"https:\/\/udawards.com\/de\/wp-json\/wp\/v2\/product"}],"about":[{"href":"https:\/\/udawards.com\/de\/wp-json\/wp\/v2\/types\/product"}],"replies":[{"embeddable":true,"href":"https:\/\/udawards.com\/de\/wp-json\/wp\/v2\/comments?post=20895"}],"wp:featuredmedia":[{"embeddable":true,"href":"https:\/\/udawards.com\/de\/wp-json\/wp\/v2\/media\/20897"}],"wp:attachment":[{"href":"https:\/\/udawards.com\/de\/wp-json\/wp\/v2\/media?parent=20895"}],"wp:term":[{"taxonomy":"product_brand","embeddable":true,"href":"https:\/\/udawards.com\/de\/wp-json\/wp\/v2\/product_brand?post=20895"},{"taxonomy":"product_cat","embeddable":true,"href":"https:\/\/udawards.com\/de\/wp-json\/wp\/v2\/product_cat?post=20895"},{"taxonomy":"product_tag","embeddable":true,"href":"https:\/\/udawards.com\/de\/wp-json\/wp\/v2\/product_tag?post=20895"}],"curies":[{"name":"wp","href":"https:\/\/api.w.org\/{rel}","templated":true}]}}