{"id":20886,"date":"2025-06-23T14:10:47","date_gmt":"2025-06-23T11:10:47","guid":{"rendered":"https:\/\/udawards.com\/product\/mono-trophaee\/"},"modified":"2025-11-14T03:34:19","modified_gmt":"2025-11-14T01:34:19","slug":"mono-trophaee","status":"publish","type":"product","link":"https:\/\/udawards.com\/de\/product\/mono-trophaee\/","title":{"rendered":"Mono-Troph\u00e4e"},"content":{"rendered":"<p>Die klare rechteckige Form und die vertikale Aluminiumplatte strahlen St\u00e4rke und Klarheit aus \u2013 ideal f\u00fcr B\u00fcropreisverleihungen, Anerkennung von F\u00fchrungskr\u00e4ften oder interne Teamerfolge.<br data-start=\"2275\" data-end=\"2278\"><br \/>\nMaterialien:<br \/>\n\u2022 Eichenholz (braun oder schwarz lackiert)<br data-start=\"2318\" data-end=\"2321\">\u2022 Geb\u00fcrstetes Aluminium (silberfarben oder goldfarben)<\/p>\n","protected":false},"excerpt":{"rendered":"<ul>\n<li>Wir erstellen das Layout innerhalb von 1\u20133 Werktagen nach Auftragserteilung.<\/li>\n<li>Die Produktionszeit kann 3-7 Werktage ab dem Datum der Genehmigung des Layouts betragen.<\/li>\n<\/ul>\n","protected":false},"featured_media":20892,"comment_status":"closed","ping_status":"closed","template":"","meta":{"content-type":""},"product_brand":[],"product_cat":[228],"product_tag":[],"class_list":{"0":"post-20886","1":"product","2":"type-product","3":"status-publish","4":"has-post-thumbnail","6":"product_cat-trophaen-aus-gemischten-materialien","8":"first","9":"instock","10":"taxable","11":"shipping-taxable","12":"purchasable","13":"product-type-variable","14":"has-default-attributes"},"_links":{"self":[{"href":"https:\/\/udawards.com\/de\/wp-json\/wp\/v2\/product\/20886","targetHints":{"allow":["GET"]}}],"collection":[{"href":"https:\/\/udawards.com\/de\/wp-json\/wp\/v2\/product"}],"about":[{"href":"https:\/\/udawards.com\/de\/wp-json\/wp\/v2\/types\/product"}],"replies":[{"embeddable":true,"href":"https:\/\/udawards.com\/de\/wp-json\/wp\/v2\/comments?post=20886"}],"wp:featuredmedia":[{"embeddable":true,"href":"https:\/\/udawards.com\/de\/wp-json\/wp\/v2\/media\/20892"}],"wp:attachment":[{"href":"https:\/\/udawards.com\/de\/wp-json\/wp\/v2\/media?parent=20886"}],"wp:term":[{"taxonomy":"product_brand","embeddable":true,"href":"https:\/\/udawards.com\/de\/wp-json\/wp\/v2\/product_brand?post=20886"},{"taxonomy":"product_cat","embeddable":true,"href":"https:\/\/udawards.com\/de\/wp-json\/wp\/v2\/product_cat?post=20886"},{"taxonomy":"product_tag","embeddable":true,"href":"https:\/\/udawards.com\/de\/wp-json\/wp\/v2\/product_tag?post=20886"}],"curies":[{"name":"wp","href":"https:\/\/api.w.org\/{rel}","templated":true}]}}