{"id":20874,"date":"2025-06-23T13:57:03","date_gmt":"2025-06-23T10:57:03","guid":{"rendered":"https:\/\/udawards.com\/product\/lumina-dunkle-eiche-trophaee\/"},"modified":"2025-11-14T03:33:35","modified_gmt":"2025-11-14T01:33:35","slug":"lumina-dunkle-eiche-trophaee","status":"publish","type":"product","link":"https:\/\/udawards.com\/de\/product\/lumina-dunkle-eiche-trophaee\/","title":{"rendered":"Lumina \u2013 Dunkle Eiche-Troph\u00e4e"},"content":{"rendered":"<p data-start=\"2598\" data-end=\"2611\">Mit Ihrem Logo und einer pers\u00f6nlichen Botschaft im langlebigen UV-Druckverfahren individuell gestaltet, ist dieses Produkt mehr als eine Auszeichnung \u2013 es steht f\u00fcr Respekt, Erfolg und Qualit\u00e4t.<\/p>\n<p data-start=\"2598\" data-end=\"2611\"><strong data-start=\"2598\" data-end=\"2611\">Merkmale:<\/strong><\/p>\n<ul data-start=\"2612\" data-end=\"2807\">\n<li data-start=\"2612\" data-end=\"2645\">\n<p data-start=\"2614\" data-end=\"2645\">100 % massives Eichenholz<\/p>\n<\/li>\n<li data-start=\"2646\" data-end=\"2679\">\n<p data-start=\"2648\" data-end=\"2679\">Erh\u00e4ltlich in drei Gr\u00f6\u00dfen<\/p>\n<\/li>\n<li data-start=\"2680\" data-end=\"2720\">\n<p data-start=\"2682\" data-end=\"2720\">Veredelt mit hochwertiger, umweltfreundlicher Holzbeize<\/p>\n<\/li>\n<li data-start=\"2767\" data-end=\"2807\">\n<p data-start=\"2769\" data-end=\"2807\">Pr\u00e4zise gefertigt und handmontiert<\/p>\n<\/li>\n<\/ul>\n","protected":false},"excerpt":{"rendered":"<ul>\n<li>Wir erstellen das Layout innerhalb von 1\u20133 Werktagen nach Auftragserteilung.<\/li>\n<li>Die Produktionszeit kann 3-7 Werktage ab dem Datum der Genehmigung des Layouts betragen.<\/li>\n<\/ul>\n","protected":false},"featured_media":20876,"comment_status":"closed","ping_status":"closed","template":"","meta":{"content-type":""},"product_brand":[],"product_cat":[211],"product_tag":[],"class_list":{"0":"post-20874","1":"product","2":"type-product","3":"status-publish","4":"has-post-thumbnail","6":"product_cat-holz-und-umweltfreundlich","8":"first","9":"instock","10":"taxable","11":"shipping-taxable","12":"purchasable","13":"product-type-variable","14":"has-default-attributes"},"_links":{"self":[{"href":"https:\/\/udawards.com\/de\/wp-json\/wp\/v2\/product\/20874","targetHints":{"allow":["GET"]}}],"collection":[{"href":"https:\/\/udawards.com\/de\/wp-json\/wp\/v2\/product"}],"about":[{"href":"https:\/\/udawards.com\/de\/wp-json\/wp\/v2\/types\/product"}],"replies":[{"embeddable":true,"href":"https:\/\/udawards.com\/de\/wp-json\/wp\/v2\/comments?post=20874"}],"wp:featuredmedia":[{"embeddable":true,"href":"https:\/\/udawards.com\/de\/wp-json\/wp\/v2\/media\/20876"}],"wp:attachment":[{"href":"https:\/\/udawards.com\/de\/wp-json\/wp\/v2\/media?parent=20874"}],"wp:term":[{"taxonomy":"product_brand","embeddable":true,"href":"https:\/\/udawards.com\/de\/wp-json\/wp\/v2\/product_brand?post=20874"},{"taxonomy":"product_cat","embeddable":true,"href":"https:\/\/udawards.com\/de\/wp-json\/wp\/v2\/product_cat?post=20874"},{"taxonomy":"product_tag","embeddable":true,"href":"https:\/\/udawards.com\/de\/wp-json\/wp\/v2\/product_tag?post=20874"}],"curies":[{"name":"wp","href":"https:\/\/api.w.org\/{rel}","templated":true}]}}