{"id":20836,"date":"2025-06-16T20:31:33","date_gmt":"2025-06-16T17:31:33","guid":{"rendered":"https:\/\/udawards.com\/product\/meilenstein-meisterschafts-trophaee\/"},"modified":"2025-11-14T03:30:58","modified_gmt":"2025-11-14T01:30:58","slug":"meilenstein-meisterschafts-trophaee","status":"publish","type":"product","link":"https:\/\/udawards.com\/de\/product\/meilenstein-meisterschafts-trophaee\/","title":{"rendered":"Meilenstein-Meisterschafts-Troph\u00e4e"},"content":{"rendered":"<p>Die Auszeichnung verf\u00fcgt \u00fcber einen schwarzen Metallrahmen, ein lasergraviertes Holzmaserungsmuster und eine zentrale Flexibrass-Plakette zur individuellen Personalisierung. Ideal f\u00fcr Firmenmeilensteine, Erfolge und Dankesveranstaltungen.<\/p>\n","protected":false},"excerpt":{"rendered":"<ul>\n<li>Wir erstellen das Layout innerhalb von 1\u20133 Werktagen nach Auftragserteilung.<\/li>\n<li>Die Produktionszeit betr\u00e4gt 10 Werktage ab dem Datum der Freigabe des Layouts.<\/li>\n<\/ul>\n","protected":false},"featured_media":20840,"comment_status":"closed","ping_status":"closed","template":"","meta":{"content-type":""},"product_brand":[],"product_cat":[233],"product_tag":[347,349,350,348],"class_list":{"0":"post-20836","1":"product","2":"type-product","3":"status-publish","4":"has-post-thumbnail","6":"product_cat-metalltrophaen","7":"product_tag-individuelle-unternehmensauszeichnung","8":"product_tag-lasergraviertes-flexibrass","9":"product_tag-moderne-auszeichnungstafel-in-schwarz-und-gold","10":"product_tag-plakette-mit-metallrahmen","12":"first","13":"instock","14":"taxable","15":"shipping-taxable","16":"purchasable","17":"product-type-variable","18":"has-default-attributes"},"_links":{"self":[{"href":"https:\/\/udawards.com\/de\/wp-json\/wp\/v2\/product\/20836","targetHints":{"allow":["GET"]}}],"collection":[{"href":"https:\/\/udawards.com\/de\/wp-json\/wp\/v2\/product"}],"about":[{"href":"https:\/\/udawards.com\/de\/wp-json\/wp\/v2\/types\/product"}],"replies":[{"embeddable":true,"href":"https:\/\/udawards.com\/de\/wp-json\/wp\/v2\/comments?post=20836"}],"wp:featuredmedia":[{"embeddable":true,"href":"https:\/\/udawards.com\/de\/wp-json\/wp\/v2\/media\/20840"}],"wp:attachment":[{"href":"https:\/\/udawards.com\/de\/wp-json\/wp\/v2\/media?parent=20836"}],"wp:term":[{"taxonomy":"product_brand","embeddable":true,"href":"https:\/\/udawards.com\/de\/wp-json\/wp\/v2\/product_brand?post=20836"},{"taxonomy":"product_cat","embeddable":true,"href":"https:\/\/udawards.com\/de\/wp-json\/wp\/v2\/product_cat?post=20836"},{"taxonomy":"product_tag","embeddable":true,"href":"https:\/\/udawards.com\/de\/wp-json\/wp\/v2\/product_tag?post=20836"}],"curies":[{"name":"wp","href":"https:\/\/api.w.org\/{rel}","templated":true}]}}