{"id":20767,"date":"2025-06-06T10:23:36","date_gmt":"2025-06-06T07:23:36","guid":{"rendered":"https:\/\/udawards.com\/product\/monolith-des-verdienstes\/"},"modified":"2025-11-14T03:28:21","modified_gmt":"2025-11-14T01:28:21","slug":"monolith-des-verdienstes","status":"publish","type":"product","link":"https:\/\/udawards.com\/de\/product\/monolith-des-verdienstes\/","title":{"rendered":"Monolith des Verdienstes"},"content":{"rendered":"<p data-start=\"737\" data-end=\"1046\">Gefertigt aus Rohbeton mit markanter, gemei\u00dfelter Oberkante. Ein eindrucksvolles Statement f\u00fcr Spitzenperformer und bedeutende Meilensteine.<\/p>\n<p data-start=\"1196\" data-end=\"1288\">Ideal f\u00fcr zeitgem\u00e4\u00dfe Unternehmensanerkennung, Innovations-Auszeichnungen und moderne Marken-Events.<\/p>\n","protected":false},"excerpt":{"rendered":"<ul>\n<li>Wir erstellen das Layout innerhalb von 1\u20133 Werktagen nach Auftragserteilung.<\/li>\n<li>Die Produktionszeit betr\u00e4gt 10 Werktage ab dem Datum der Freigabe des Layouts.<\/li>\n<\/ul>\n","protected":false},"featured_media":19513,"comment_status":"open","ping_status":"closed","template":"","meta":{"content-type":""},"product_brand":[],"product_cat":[278],"product_tag":[],"class_list":{"0":"post-20767","1":"product","2":"type-product","3":"status-publish","4":"has-post-thumbnail","6":"product_cat-betontrophaen","8":"first","9":"instock","10":"taxable","11":"shipping-taxable","12":"purchasable","13":"product-type-variable","14":"has-default-attributes"},"_links":{"self":[{"href":"https:\/\/udawards.com\/de\/wp-json\/wp\/v2\/product\/20767","targetHints":{"allow":["GET"]}}],"collection":[{"href":"https:\/\/udawards.com\/de\/wp-json\/wp\/v2\/product"}],"about":[{"href":"https:\/\/udawards.com\/de\/wp-json\/wp\/v2\/types\/product"}],"replies":[{"embeddable":true,"href":"https:\/\/udawards.com\/de\/wp-json\/wp\/v2\/comments?post=20767"}],"wp:featuredmedia":[{"embeddable":true,"href":"https:\/\/udawards.com\/de\/wp-json\/wp\/v2\/media\/19513"}],"wp:attachment":[{"href":"https:\/\/udawards.com\/de\/wp-json\/wp\/v2\/media?parent=20767"}],"wp:term":[{"taxonomy":"product_brand","embeddable":true,"href":"https:\/\/udawards.com\/de\/wp-json\/wp\/v2\/product_brand?post=20767"},{"taxonomy":"product_cat","embeddable":true,"href":"https:\/\/udawards.com\/de\/wp-json\/wp\/v2\/product_cat?post=20767"},{"taxonomy":"product_tag","embeddable":true,"href":"https:\/\/udawards.com\/de\/wp-json\/wp\/v2\/product_tag?post=20767"}],"curies":[{"name":"wp","href":"https:\/\/api.w.org\/{rel}","templated":true}]}}