{"id":20760,"date":"2025-06-06T10:08:20","date_gmt":"2025-06-06T07:08:20","guid":{"rendered":"https:\/\/udawards.com\/product\/weisses-symbol-trophaee\/"},"modified":"2025-11-14T03:27:44","modified_gmt":"2025-11-14T01:27:44","slug":"weisses-symbol-trophaee","status":"publish","type":"product","link":"https:\/\/udawards.com\/de\/product\/weisses-symbol-trophaee\/","title":{"rendered":"Wei\u00dfes Symbol-Troph\u00e4e"},"content":{"rendered":"<p data-start=\"866\" data-end=\"1157\">Moderne und elegante Auszeichnung aus massiver Eiche und Plexiglas.<\/p>\n<p data-start=\"1300\" data-end=\"1384\">Perfekt f\u00fcr Vertriebserfolge, F\u00fchrungskr\u00e4fteanerkennung oder Firmenpreisverleihungen.<\/p>\n","protected":false},"excerpt":{"rendered":"<ul>\n<li>Wir erstellen das Layout innerhalb von 1\u20133 Werktagen nach Auftragserteilung.<\/li>\n<li>Die Produktionszeit kann 3-7 Werktage ab dem Datum der Genehmigung des Layouts betragen.<\/li>\n<\/ul>\n","protected":false},"featured_media":20764,"comment_status":"closed","ping_status":"closed","template":"","meta":{"content-type":""},"product_brand":[],"product_cat":[211],"product_tag":[],"class_list":{"0":"post-20760","1":"product","2":"type-product","3":"status-publish","4":"has-post-thumbnail","6":"product_cat-holz-und-umweltfreundlich","8":"first","9":"instock","10":"taxable","11":"shipping-taxable","12":"purchasable","13":"product-type-variable","14":"has-default-attributes"},"_links":{"self":[{"href":"https:\/\/udawards.com\/de\/wp-json\/wp\/v2\/product\/20760","targetHints":{"allow":["GET"]}}],"collection":[{"href":"https:\/\/udawards.com\/de\/wp-json\/wp\/v2\/product"}],"about":[{"href":"https:\/\/udawards.com\/de\/wp-json\/wp\/v2\/types\/product"}],"replies":[{"embeddable":true,"href":"https:\/\/udawards.com\/de\/wp-json\/wp\/v2\/comments?post=20760"}],"wp:featuredmedia":[{"embeddable":true,"href":"https:\/\/udawards.com\/de\/wp-json\/wp\/v2\/media\/20764"}],"wp:attachment":[{"href":"https:\/\/udawards.com\/de\/wp-json\/wp\/v2\/media?parent=20760"}],"wp:term":[{"taxonomy":"product_brand","embeddable":true,"href":"https:\/\/udawards.com\/de\/wp-json\/wp\/v2\/product_brand?post=20760"},{"taxonomy":"product_cat","embeddable":true,"href":"https:\/\/udawards.com\/de\/wp-json\/wp\/v2\/product_cat?post=20760"},{"taxonomy":"product_tag","embeddable":true,"href":"https:\/\/udawards.com\/de\/wp-json\/wp\/v2\/product_tag?post=20760"}],"curies":[{"name":"wp","href":"https:\/\/api.w.org\/{rel}","templated":true}]}}