{"id":20735,"date":"2025-06-02T20:49:56","date_gmt":"2025-06-02T17:49:56","guid":{"rendered":"https:\/\/udawards.com\/product\/elegante-eichen-trophaee\/"},"modified":"2025-11-14T03:25:34","modified_gmt":"2025-11-14T01:25:34","slug":"elegante-eichen-trophaee","status":"publish","type":"product","link":"https:\/\/udawards.com\/de\/product\/elegante-eichen-trophaee\/","title":{"rendered":"Elegante Eichen-Troph\u00e4e"},"content":{"rendered":"<p>Diese runde handgefertigte Troph\u00e4e besteht aus Eichenholz und Plexiglasdetails. Spielerische Farbakzente werden mithilfe von UV-Druck erzielt.. Perfekt f\u00fcr jeden Anlass, personalisierbar f\u00fcr ein einzigartiges Erinnerungsst\u00fcck.<\/p>\n","protected":false},"excerpt":{"rendered":"<ul>\n<li>Wir erstellen das Layout innerhalb von 1\u20133 Werktagen nach Auftragserteilung.<\/li>\n<li>Die Produktionszeit betr\u00e4gt 10 Werktage ab dem Datum der Freigabe des Layouts.<\/li>\n<\/ul>\n","protected":false},"featured_media":20737,"comment_status":"closed","ping_status":"closed","template":"","meta":{"content-type":""},"product_brand":[],"product_cat":[211],"product_tag":[],"class_list":{"0":"post-20735","1":"product","2":"type-product","3":"status-publish","4":"has-post-thumbnail","6":"product_cat-holz-und-umweltfreundlich","8":"first","9":"instock","10":"taxable","11":"shipping-taxable","12":"purchasable","13":"product-type-variable","14":"has-default-attributes"},"_links":{"self":[{"href":"https:\/\/udawards.com\/de\/wp-json\/wp\/v2\/product\/20735","targetHints":{"allow":["GET"]}}],"collection":[{"href":"https:\/\/udawards.com\/de\/wp-json\/wp\/v2\/product"}],"about":[{"href":"https:\/\/udawards.com\/de\/wp-json\/wp\/v2\/types\/product"}],"replies":[{"embeddable":true,"href":"https:\/\/udawards.com\/de\/wp-json\/wp\/v2\/comments?post=20735"}],"wp:featuredmedia":[{"embeddable":true,"href":"https:\/\/udawards.com\/de\/wp-json\/wp\/v2\/media\/20737"}],"wp:attachment":[{"href":"https:\/\/udawards.com\/de\/wp-json\/wp\/v2\/media?parent=20735"}],"wp:term":[{"taxonomy":"product_brand","embeddable":true,"href":"https:\/\/udawards.com\/de\/wp-json\/wp\/v2\/product_brand?post=20735"},{"taxonomy":"product_cat","embeddable":true,"href":"https:\/\/udawards.com\/de\/wp-json\/wp\/v2\/product_cat?post=20735"},{"taxonomy":"product_tag","embeddable":true,"href":"https:\/\/udawards.com\/de\/wp-json\/wp\/v2\/product_tag?post=20735"}],"curies":[{"name":"wp","href":"https:\/\/api.w.org\/{rel}","templated":true}]}}