{"id":20663,"date":"2025-04-21T19:13:17","date_gmt":"2025-04-21T16:13:17","guid":{"rendered":"https:\/\/udawards.com\/product\/monoblock-trophaee\/"},"modified":"2025-11-14T03:21:28","modified_gmt":"2025-11-14T01:21:28","slug":"monoblock-trophaee","status":"publish","type":"product","link":"https:\/\/udawards.com\/de\/product\/monoblock-trophaee\/","title":{"rendered":"MonoBlock-Troph\u00e4e"},"content":{"rendered":"<p>Handgefertigte Troph\u00e4e aus naturbelassener, gefr\u00e4ster Eiche kombiniert mit transparentem Acrylglas. Spielerische Farbakzente werden mithilfe von UV-Druck erzielt. Ein gro\u00dfartiges pers\u00f6nliches Geschenk f\u00fcr den besten Mitarbeiter oder Gesch\u00e4ftspartner.  <\/p>\n","protected":false},"excerpt":{"rendered":"<ul>\n<li>Wir erstellen das Layout innerhalb von 1\u20133 Werktagen nach Auftragserteilung.<\/li>\n<li>Die Produktionszeit kann 3-7 Werktage ab dem Datum der Genehmigung des Layouts betragen.<\/li>\n<\/ul>\n","protected":false},"featured_media":20670,"comment_status":"closed","ping_status":"closed","template":"","meta":{"content-type":""},"product_brand":[],"product_cat":[228],"product_tag":[],"class_list":{"0":"post-20663","1":"product","2":"type-product","3":"status-publish","4":"has-post-thumbnail","6":"product_cat-trophaen-aus-gemischten-materialien","8":"first","9":"instock","10":"taxable","11":"shipping-taxable","12":"purchasable","13":"product-type-variable"},"_links":{"self":[{"href":"https:\/\/udawards.com\/de\/wp-json\/wp\/v2\/product\/20663","targetHints":{"allow":["GET"]}}],"collection":[{"href":"https:\/\/udawards.com\/de\/wp-json\/wp\/v2\/product"}],"about":[{"href":"https:\/\/udawards.com\/de\/wp-json\/wp\/v2\/types\/product"}],"replies":[{"embeddable":true,"href":"https:\/\/udawards.com\/de\/wp-json\/wp\/v2\/comments?post=20663"}],"wp:featuredmedia":[{"embeddable":true,"href":"https:\/\/udawards.com\/de\/wp-json\/wp\/v2\/media\/20670"}],"wp:attachment":[{"href":"https:\/\/udawards.com\/de\/wp-json\/wp\/v2\/media?parent=20663"}],"wp:term":[{"taxonomy":"product_brand","embeddable":true,"href":"https:\/\/udawards.com\/de\/wp-json\/wp\/v2\/product_brand?post=20663"},{"taxonomy":"product_cat","embeddable":true,"href":"https:\/\/udawards.com\/de\/wp-json\/wp\/v2\/product_cat?post=20663"},{"taxonomy":"product_tag","embeddable":true,"href":"https:\/\/udawards.com\/de\/wp-json\/wp\/v2\/product_tag?post=20663"}],"curies":[{"name":"wp","href":"https:\/\/api.w.org\/{rel}","templated":true}]}}