{"id":20624,"date":"2025-01-28T20:21:36","date_gmt":"2025-01-28T18:21:36","guid":{"rendered":"https:\/\/udawards.com\/product\/meilenstein%e2%80%91eleganz%e2%80%91plakette\/"},"modified":"2026-02-22T14:21:02","modified_gmt":"2026-02-22T12:21:02","slug":"meilenstein-eleganz-plakette","status":"publish","type":"product","link":"https:\/\/udawards.com\/de\/product\/meilenstein-eleganz-plakette\/","title":{"rendered":"Meilenstein\u2011Eleganz\u2011Plakette"},"content":{"rendered":"<p>Das minimalistische quadratische Design mit pr\u00e4ziser Lasergravur sorgt f\u00fcr eine professionelle und moderne Optik. Ideal f\u00fcr Unternehmensauszeichnungen, H\u00e4ndleranerkennungen oder Meilenstein-Erfolge. Erh\u00e4ltlich in Gold, Silber und Bronze aus Flexibrass.  <\/p>\n","protected":false},"excerpt":{"rendered":"<ul>\n<li>Wir erstellen das Layout innerhalb von 1\u20133 Werktagen nach Auftragserteilung.<\/li>\n<li>Die Produktionszeit kann 3-7 Werktage ab dem Datum der Genehmigung des Layouts betragen.<\/li>\n<\/ul>\n","protected":false},"featured_media":21393,"comment_status":"closed","ping_status":"closed","template":"","meta":{"content-type":""},"product_brand":[],"product_cat":[214],"product_tag":[],"class_list":{"0":"post-20624","1":"product","2":"type-product","3":"status-publish","4":"has-post-thumbnail","6":"product_cat-sperrholz-auszeichnungen","8":"first","9":"instock","10":"taxable","11":"shipping-taxable","12":"purchasable","13":"product-type-variable"},"_links":{"self":[{"href":"https:\/\/udawards.com\/de\/wp-json\/wp\/v2\/product\/20624","targetHints":{"allow":["GET"]}}],"collection":[{"href":"https:\/\/udawards.com\/de\/wp-json\/wp\/v2\/product"}],"about":[{"href":"https:\/\/udawards.com\/de\/wp-json\/wp\/v2\/types\/product"}],"replies":[{"embeddable":true,"href":"https:\/\/udawards.com\/de\/wp-json\/wp\/v2\/comments?post=20624"}],"wp:featuredmedia":[{"embeddable":true,"href":"https:\/\/udawards.com\/de\/wp-json\/wp\/v2\/media\/21393"}],"wp:attachment":[{"href":"https:\/\/udawards.com\/de\/wp-json\/wp\/v2\/media?parent=20624"}],"wp:term":[{"taxonomy":"product_brand","embeddable":true,"href":"https:\/\/udawards.com\/de\/wp-json\/wp\/v2\/product_brand?post=20624"},{"taxonomy":"product_cat","embeddable":true,"href":"https:\/\/udawards.com\/de\/wp-json\/wp\/v2\/product_cat?post=20624"},{"taxonomy":"product_tag","embeddable":true,"href":"https:\/\/udawards.com\/de\/wp-json\/wp\/v2\/product_tag?post=20624"}],"curies":[{"name":"wp","href":"https:\/\/api.w.org\/{rel}","templated":true}]}}