{"id":20610,"date":"2025-01-22T20:51:41","date_gmt":"2025-01-22T18:51:41","guid":{"rendered":"https:\/\/udawards.com\/product\/reine-eleganz-trophaee\/"},"modified":"2025-11-14T03:17:32","modified_gmt":"2025-11-14T01:17:32","slug":"reine-eleganz-trophaee","status":"publish","type":"product","link":"https:\/\/udawards.com\/de\/product\/reine-eleganz-trophaee\/","title":{"rendered":"Reine Eleganz-Troph\u00e4e"},"content":{"rendered":"<p>Diese elegante Auszeichnung verbindet die W\u00e4rme gebeizter massiver Eiche mit der modernen Eleganz von UV-gedrucktem Plexiglas. Der runde Acrylaufsatz ruht auf einem halbmondf\u00f6rmigen Eichenholzsockel, der in drei Gr\u00f6\u00dfen erh\u00e4ltlich ist, um verschiedenen Anforderungen gerecht zu werden. Ideal f\u00fcr Firmenauszeichnungen, personalisierte Geschenke oder besondere Anl\u00e4sse \u2013 das minimalistische, aber wirkungsvolle Design \u00fcberzeugt durch zeitlose Ausstrahlung.<\/p>\n","protected":false},"excerpt":{"rendered":"<ul>\n<li>Wir erstellen das Layout innerhalb von 1\u20133 Werktagen nach Auftragserteilung.<\/li>\n<li>Die Produktionszeit betr\u00e4gt 10 Werktage ab dem Datum der Freigabe des Layouts.<\/li>\n<\/ul>\n","protected":false},"featured_media":20612,"comment_status":"closed","ping_status":"closed","template":"","meta":{"content-type":""},"product_brand":[],"product_cat":[218],"product_tag":[],"class_list":{"0":"post-20610","1":"product","2":"type-product","3":"status-publish","4":"has-post-thumbnail","6":"product_cat-acryl-auszeichnungen","8":"first","9":"instock","10":"taxable","11":"shipping-taxable","12":"purchasable","13":"product-type-variable"},"_links":{"self":[{"href":"https:\/\/udawards.com\/de\/wp-json\/wp\/v2\/product\/20610","targetHints":{"allow":["GET"]}}],"collection":[{"href":"https:\/\/udawards.com\/de\/wp-json\/wp\/v2\/product"}],"about":[{"href":"https:\/\/udawards.com\/de\/wp-json\/wp\/v2\/types\/product"}],"replies":[{"embeddable":true,"href":"https:\/\/udawards.com\/de\/wp-json\/wp\/v2\/comments?post=20610"}],"wp:featuredmedia":[{"embeddable":true,"href":"https:\/\/udawards.com\/de\/wp-json\/wp\/v2\/media\/20612"}],"wp:attachment":[{"href":"https:\/\/udawards.com\/de\/wp-json\/wp\/v2\/media?parent=20610"}],"wp:term":[{"taxonomy":"product_brand","embeddable":true,"href":"https:\/\/udawards.com\/de\/wp-json\/wp\/v2\/product_brand?post=20610"},{"taxonomy":"product_cat","embeddable":true,"href":"https:\/\/udawards.com\/de\/wp-json\/wp\/v2\/product_cat?post=20610"},{"taxonomy":"product_tag","embeddable":true,"href":"https:\/\/udawards.com\/de\/wp-json\/wp\/v2\/product_tag?post=20610"}],"curies":[{"name":"wp","href":"https:\/\/api.w.org\/{rel}","templated":true}]}}