{"id":20583,"date":"2025-01-21T17:19:31","date_gmt":"2025-01-21T15:19:31","guid":{"rendered":"https:\/\/udawards.com\/product\/luxus-schichten-trophaee\/"},"modified":"2025-11-14T03:15:32","modified_gmt":"2025-11-14T01:15:32","slug":"luxus-schichten-trophaee","status":"publish","type":"product","link":"https:\/\/udawards.com\/de\/product\/luxus-schichten-trophaee\/","title":{"rendered":"Luxus-Schichten-Troph\u00e4e"},"content":{"rendered":"<p>Diese pr\u00e4zise handgefertigte Holztroph\u00e4e vereint lebendige Farben, nat\u00fcrliche Eiche und transparentes Plexiglas. Das einzigartige kantige Design verleiht eine moderne Note und eignet sich hervorragend zur Ehrung von Erfolgen. UV-gedruckte Grafiken garantieren Haltbarkeit und Individualisierung \u2013 ideal f\u00fcr Preisverleihungen oder personalisierte Geschenke.  <\/p>\n","protected":false},"excerpt":{"rendered":"<ul>\n<li>Wir erstellen das Layout innerhalb von 1\u20133 Werktagen nach Auftragserteilung.<\/li>\n<li>Die Produktionszeit kann 3-7 Werktage ab dem Datum der Genehmigung des Layouts betragen.<\/li>\n<\/ul>\n","protected":false},"featured_media":20585,"comment_status":"closed","ping_status":"closed","template":"","meta":{"content-type":""},"product_brand":[],"product_cat":[228],"product_tag":[],"class_list":{"0":"post-20583","1":"product","2":"type-product","3":"status-publish","4":"has-post-thumbnail","6":"product_cat-trophaen-aus-gemischten-materialien","8":"first","9":"instock","10":"taxable","11":"shipping-taxable","12":"purchasable","13":"product-type-variable","14":"has-default-attributes"},"_links":{"self":[{"href":"https:\/\/udawards.com\/de\/wp-json\/wp\/v2\/product\/20583","targetHints":{"allow":["GET"]}}],"collection":[{"href":"https:\/\/udawards.com\/de\/wp-json\/wp\/v2\/product"}],"about":[{"href":"https:\/\/udawards.com\/de\/wp-json\/wp\/v2\/types\/product"}],"replies":[{"embeddable":true,"href":"https:\/\/udawards.com\/de\/wp-json\/wp\/v2\/comments?post=20583"}],"wp:featuredmedia":[{"embeddable":true,"href":"https:\/\/udawards.com\/de\/wp-json\/wp\/v2\/media\/20585"}],"wp:attachment":[{"href":"https:\/\/udawards.com\/de\/wp-json\/wp\/v2\/media?parent=20583"}],"wp:term":[{"taxonomy":"product_brand","embeddable":true,"href":"https:\/\/udawards.com\/de\/wp-json\/wp\/v2\/product_brand?post=20583"},{"taxonomy":"product_cat","embeddable":true,"href":"https:\/\/udawards.com\/de\/wp-json\/wp\/v2\/product_cat?post=20583"},{"taxonomy":"product_tag","embeddable":true,"href":"https:\/\/udawards.com\/de\/wp-json\/wp\/v2\/product_tag?post=20583"}],"curies":[{"name":"wp","href":"https:\/\/api.w.org\/{rel}","templated":true}]}}