{"id":20573,"date":"2025-01-16T17:33:58","date_gmt":"2025-01-16T15:33:58","guid":{"rendered":"https:\/\/udawards.com\/product\/integritaets-holzwuerfel\/"},"modified":"2025-11-14T03:14:57","modified_gmt":"2025-11-14T01:14:57","slug":"integritaets-holzwuerfel","status":"publish","type":"product","link":"https:\/\/udawards.com\/de\/product\/integritaets-holzwuerfel\/","title":{"rendered":"Integrit\u00e4ts-Holzw\u00fcrfel"},"content":{"rendered":"<p>Diese Auszeichnung aus massivem Eichenholz verbindet nat\u00fcrliche Eleganz mit modernem Design. Saubere rechteckige Linien, erg\u00e4nzt durch hochpr\u00e4zisen UV-Druck und schwarz lackierte Akzente. Ideal zur Ehrung von Exzellenz, F\u00fchrungskompetenz oder Teamleistungen. Mit individuell gestaltbaren Text- und Logooptionen eine raffinierte Wahl f\u00fcr gesch\u00e4ftliche wie pers\u00f6nliche Erfolge.<\/p>\n","protected":false},"excerpt":{"rendered":"<ul>\n<li>Wir erstellen das Layout innerhalb von 1\u20133 Werktagen nach Auftragserteilung.<\/li>\n<li>Die Produktionszeit kann 3-7 Werktage ab dem Datum der Genehmigung des Layouts betragen.<\/li>\n<\/ul>\n","protected":false},"featured_media":20575,"comment_status":"closed","ping_status":"closed","template":"","meta":{"content-type":""},"product_brand":[],"product_cat":[211],"product_tag":[],"class_list":{"0":"post-20573","1":"product","2":"type-product","3":"status-publish","4":"has-post-thumbnail","6":"product_cat-holz-und-umweltfreundlich","8":"first","9":"instock","10":"taxable","11":"shipping-taxable","12":"purchasable","13":"product-type-variable","14":"has-default-attributes"},"_links":{"self":[{"href":"https:\/\/udawards.com\/de\/wp-json\/wp\/v2\/product\/20573","targetHints":{"allow":["GET"]}}],"collection":[{"href":"https:\/\/udawards.com\/de\/wp-json\/wp\/v2\/product"}],"about":[{"href":"https:\/\/udawards.com\/de\/wp-json\/wp\/v2\/types\/product"}],"replies":[{"embeddable":true,"href":"https:\/\/udawards.com\/de\/wp-json\/wp\/v2\/comments?post=20573"}],"wp:featuredmedia":[{"embeddable":true,"href":"https:\/\/udawards.com\/de\/wp-json\/wp\/v2\/media\/20575"}],"wp:attachment":[{"href":"https:\/\/udawards.com\/de\/wp-json\/wp\/v2\/media?parent=20573"}],"wp:term":[{"taxonomy":"product_brand","embeddable":true,"href":"https:\/\/udawards.com\/de\/wp-json\/wp\/v2\/product_brand?post=20573"},{"taxonomy":"product_cat","embeddable":true,"href":"https:\/\/udawards.com\/de\/wp-json\/wp\/v2\/product_cat?post=20573"},{"taxonomy":"product_tag","embeddable":true,"href":"https:\/\/udawards.com\/de\/wp-json\/wp\/v2\/product_tag?post=20573"}],"curies":[{"name":"wp","href":"https:\/\/api.w.org\/{rel}","templated":true}]}}