{"id":20542,"date":"2025-01-16T12:45:07","date_gmt":"2025-01-16T10:45:07","guid":{"rendered":"https:\/\/udawards.com\/product\/lumina%e2%80%91leistungs-trophaee\/"},"modified":"2025-11-14T03:13:29","modified_gmt":"2025-11-14T01:13:29","slug":"lumina%e2%80%91leistungs-trophaee","status":"publish","type":"product","link":"https:\/\/udawards.com\/de\/product\/lumina%e2%80%91leistungs-trophaee\/","title":{"rendered":"Lumina\u2011Leistungs-Troph\u00e4e"},"content":{"rendered":"<p>Diese Troph\u00e4e kombiniert massives Eichenholz, Plexiglas und Flexibrass-Details. Der dreieckige Schnitt in Kombination mit dem eleganten Flexibrass-Einsatz verleiht ihm eine einzigartige, geometrische \u00c4sthetik, die sowohl Professionalit\u00e4t als auch Kreativit\u00e4t widerspiegelt.<\/p>\n","protected":false},"excerpt":{"rendered":"<ul>\n<li>Wir erstellen das Layout innerhalb von 1\u20133 Werktagen nach Auftragserteilung.<\/li>\n<li>Die Produktionszeit kann 3-7 Werktage ab dem Datum der Genehmigung des Layouts betragen.<\/li>\n<\/ul>\n","protected":false},"featured_media":20545,"comment_status":"closed","ping_status":"closed","template":"","meta":{"content-type":""},"product_brand":[],"product_cat":[228],"product_tag":[],"class_list":{"0":"post-20542","1":"product","2":"type-product","3":"status-publish","4":"has-post-thumbnail","6":"product_cat-trophaen-aus-gemischten-materialien","8":"first","9":"instock","10":"taxable","11":"shipping-taxable","12":"purchasable","13":"product-type-variable","14":"has-default-attributes"},"_links":{"self":[{"href":"https:\/\/udawards.com\/de\/wp-json\/wp\/v2\/product\/20542","targetHints":{"allow":["GET"]}}],"collection":[{"href":"https:\/\/udawards.com\/de\/wp-json\/wp\/v2\/product"}],"about":[{"href":"https:\/\/udawards.com\/de\/wp-json\/wp\/v2\/types\/product"}],"replies":[{"embeddable":true,"href":"https:\/\/udawards.com\/de\/wp-json\/wp\/v2\/comments?post=20542"}],"wp:featuredmedia":[{"embeddable":true,"href":"https:\/\/udawards.com\/de\/wp-json\/wp\/v2\/media\/20545"}],"wp:attachment":[{"href":"https:\/\/udawards.com\/de\/wp-json\/wp\/v2\/media?parent=20542"}],"wp:term":[{"taxonomy":"product_brand","embeddable":true,"href":"https:\/\/udawards.com\/de\/wp-json\/wp\/v2\/product_brand?post=20542"},{"taxonomy":"product_cat","embeddable":true,"href":"https:\/\/udawards.com\/de\/wp-json\/wp\/v2\/product_cat?post=20542"},{"taxonomy":"product_tag","embeddable":true,"href":"https:\/\/udawards.com\/de\/wp-json\/wp\/v2\/product_tag?post=20542"}],"curies":[{"name":"wp","href":"https:\/\/api.w.org\/{rel}","templated":true}]}}