{"id":20530,"date":"2025-01-10T19:48:28","date_gmt":"2025-01-10T17:48:28","guid":{"rendered":"https:\/\/udawards.com\/product\/starke-achse-trophaee\/"},"modified":"2025-11-14T03:12:14","modified_gmt":"2025-11-14T01:12:14","slug":"starke-achse-trophaee","status":"publish","type":"product","link":"https:\/\/udawards.com\/de\/product\/starke-achse-trophaee\/","title":{"rendered":"Starke Achse-Troph\u00e4e"},"content":{"rendered":"<p>Moderne, handgefertigte Auszeichnung aus hochwertiger massiver Eiche mit schwarzen Plexiglas-Akzenten. UV-Druck sorgt f\u00fcr brillante Logos und Texte; das hohe, rechteckige Design eignet sich ideal f\u00fcr Firmenanerkennungen, Branchenerfolge und Jubil\u00e4en. Ein markantes, modernes St\u00fcck, das nat\u00fcrliche Holzw\u00e4rme mit eleganten schwarzen Details f\u00fcr ein professionelles Finish verbindet.<\/p>\n","protected":false},"excerpt":{"rendered":"<ul>\n<li>Wir erstellen das Layout innerhalb von 1\u20133 Werktagen nach Auftragserteilung.<\/li>\n<li>Die Produktionszeit kann 3-7 Werktage ab dem Datum der Genehmigung des Layouts betragen.<\/li>\n<\/ul>\n","protected":false},"featured_media":20532,"comment_status":"closed","ping_status":"closed","template":"","meta":{"content-type":""},"product_brand":[],"product_cat":[228],"product_tag":[],"class_list":{"0":"post-20530","1":"product","2":"type-product","3":"status-publish","4":"has-post-thumbnail","6":"product_cat-trophaen-aus-gemischten-materialien","8":"first","9":"instock","10":"sale","11":"taxable","12":"shipping-taxable","13":"purchasable","14":"product-type-variable","15":"has-default-attributes"},"_links":{"self":[{"href":"https:\/\/udawards.com\/de\/wp-json\/wp\/v2\/product\/20530","targetHints":{"allow":["GET"]}}],"collection":[{"href":"https:\/\/udawards.com\/de\/wp-json\/wp\/v2\/product"}],"about":[{"href":"https:\/\/udawards.com\/de\/wp-json\/wp\/v2\/types\/product"}],"replies":[{"embeddable":true,"href":"https:\/\/udawards.com\/de\/wp-json\/wp\/v2\/comments?post=20530"}],"wp:featuredmedia":[{"embeddable":true,"href":"https:\/\/udawards.com\/de\/wp-json\/wp\/v2\/media\/20532"}],"wp:attachment":[{"href":"https:\/\/udawards.com\/de\/wp-json\/wp\/v2\/media?parent=20530"}],"wp:term":[{"taxonomy":"product_brand","embeddable":true,"href":"https:\/\/udawards.com\/de\/wp-json\/wp\/v2\/product_brand?post=20530"},{"taxonomy":"product_cat","embeddable":true,"href":"https:\/\/udawards.com\/de\/wp-json\/wp\/v2\/product_cat?post=20530"},{"taxonomy":"product_tag","embeddable":true,"href":"https:\/\/udawards.com\/de\/wp-json\/wp\/v2\/product_tag?post=20530"}],"curies":[{"name":"wp","href":"https:\/\/api.w.org\/{rel}","templated":true}]}}