{"id":20519,"date":"2025-01-10T19:32:50","date_gmt":"2025-01-10T17:32:50","guid":{"rendered":"https:\/\/udawards.com\/product\/simple-graschlichte-anmut-trophaee\/"},"modified":"2025-11-14T03:11:34","modified_gmt":"2025-11-14T01:11:34","slug":"simple-graschlichte-anmut-trophaee","status":"publish","type":"product","link":"https:\/\/udawards.com\/de\/product\/simple-graschlichte-anmut-trophaee\/","title":{"rendered":"Simple GraSchlichte Anmut-Troph\u00e4e"},"content":{"rendered":"<p>Hochwertige, handgefertigte Auszeichnung aus massivem Eichenholz. Mit minimalistischem rechteckigem Design und pr\u00e4ziser Lasergravur f\u00fcr Logos, Namen oder individuelle Texte. Dieses zeitlose, nachhaltige St\u00fcck ist perfekt, um Erfolge, Meilensteine oder Spitzenleistungen zu ehren.  <\/p>\n","protected":false},"excerpt":{"rendered":"<ul>\n<li>Wir erstellen das Layout innerhalb von 1\u20133 Werktagen nach Auftragserteilung.<\/li>\n<li>Die Produktionszeit kann 3-7 Werktage ab dem Datum der Genehmigung des Layouts betragen.<\/li>\n<\/ul>\n","protected":false},"featured_media":20521,"comment_status":"closed","ping_status":"closed","template":"","meta":{"content-type":""},"product_brand":[],"product_cat":[211],"product_tag":[],"class_list":{"0":"post-20519","1":"product","2":"type-product","3":"status-publish","4":"has-post-thumbnail","6":"product_cat-holz-und-umweltfreundlich","8":"first","9":"instock","10":"taxable","11":"shipping-taxable","12":"purchasable","13":"product-type-variable","14":"has-default-attributes"},"_links":{"self":[{"href":"https:\/\/udawards.com\/de\/wp-json\/wp\/v2\/product\/20519","targetHints":{"allow":["GET"]}}],"collection":[{"href":"https:\/\/udawards.com\/de\/wp-json\/wp\/v2\/product"}],"about":[{"href":"https:\/\/udawards.com\/de\/wp-json\/wp\/v2\/types\/product"}],"replies":[{"embeddable":true,"href":"https:\/\/udawards.com\/de\/wp-json\/wp\/v2\/comments?post=20519"}],"wp:featuredmedia":[{"embeddable":true,"href":"https:\/\/udawards.com\/de\/wp-json\/wp\/v2\/media\/20521"}],"wp:attachment":[{"href":"https:\/\/udawards.com\/de\/wp-json\/wp\/v2\/media?parent=20519"}],"wp:term":[{"taxonomy":"product_brand","embeddable":true,"href":"https:\/\/udawards.com\/de\/wp-json\/wp\/v2\/product_brand?post=20519"},{"taxonomy":"product_cat","embeddable":true,"href":"https:\/\/udawards.com\/de\/wp-json\/wp\/v2\/product_cat?post=20519"},{"taxonomy":"product_tag","embeddable":true,"href":"https:\/\/udawards.com\/de\/wp-json\/wp\/v2\/product_tag?post=20519"}],"curies":[{"name":"wp","href":"https:\/\/api.w.org\/{rel}","templated":true}]}}