{"id":20481,"date":"2025-01-10T18:31:55","date_gmt":"2025-01-10T16:31:55","guid":{"rendered":"https:\/\/udawards.com\/product\/fluegel-der-ehre-trophaee\/"},"modified":"2025-11-14T03:09:06","modified_gmt":"2025-11-14T01:09:06","slug":"fluegel-der-ehre-trophaee","status":"publish","type":"product","link":"https:\/\/udawards.com\/de\/product\/fluegel-der-ehre-trophaee\/","title":{"rendered":"Fl\u00fcgel der Ehre-Troph\u00e4e"},"content":{"rendered":"<p>Diese einzigartige Auszeichnung wurde mit h\u00f6chster Pr\u00e4zision handgefertigt und kombiniert lasergraviertes Birkensperrholz mit farbenfrohem Plexiglas. Perfekt f\u00fcr Firmenanerkennungen, Sportveranstaltungen und besondere Meilensteine. Mit individueller Gravur personalisierbar \u2013 f\u00fcr ein unvergessliches Geschenk.  <\/p>\n","protected":false},"excerpt":{"rendered":"<ul>\n<li>Wir erstellen das Layout innerhalb von 1\u20133 Werktagen nach Auftragserteilung.<\/li>\n<li>Die Produktionszeit kann 3-7 Werktage ab dem Datum der Genehmigung des Layouts betragen.<\/li>\n<\/ul>\n","protected":false},"featured_media":20485,"comment_status":"closed","ping_status":"closed","template":"","meta":{"content-type":""},"product_brand":[],"product_cat":[214],"product_tag":[],"class_list":{"0":"post-20481","1":"product","2":"type-product","3":"status-publish","4":"has-post-thumbnail","6":"product_cat-sperrholz-auszeichnungen","8":"first","9":"instock","10":"taxable","11":"shipping-taxable","12":"purchasable","13":"product-type-variable","14":"has-default-attributes"},"_links":{"self":[{"href":"https:\/\/udawards.com\/de\/wp-json\/wp\/v2\/product\/20481","targetHints":{"allow":["GET"]}}],"collection":[{"href":"https:\/\/udawards.com\/de\/wp-json\/wp\/v2\/product"}],"about":[{"href":"https:\/\/udawards.com\/de\/wp-json\/wp\/v2\/types\/product"}],"replies":[{"embeddable":true,"href":"https:\/\/udawards.com\/de\/wp-json\/wp\/v2\/comments?post=20481"}],"wp:featuredmedia":[{"embeddable":true,"href":"https:\/\/udawards.com\/de\/wp-json\/wp\/v2\/media\/20485"}],"wp:attachment":[{"href":"https:\/\/udawards.com\/de\/wp-json\/wp\/v2\/media?parent=20481"}],"wp:term":[{"taxonomy":"product_brand","embeddable":true,"href":"https:\/\/udawards.com\/de\/wp-json\/wp\/v2\/product_brand?post=20481"},{"taxonomy":"product_cat","embeddable":true,"href":"https:\/\/udawards.com\/de\/wp-json\/wp\/v2\/product_cat?post=20481"},{"taxonomy":"product_tag","embeddable":true,"href":"https:\/\/udawards.com\/de\/wp-json\/wp\/v2\/product_tag?post=20481"}],"curies":[{"name":"wp","href":"https:\/\/api.w.org\/{rel}","templated":true}]}}