{"id":20468,"date":"2025-01-10T18:11:37","date_gmt":"2025-01-10T16:11:37","guid":{"rendered":"https:\/\/udawards.com\/product\/eicheplex-trophaee\/"},"modified":"2025-11-14T03:07:39","modified_gmt":"2025-11-14T01:07:39","slug":"eicheplex-trophaee","status":"publish","type":"product","link":"https:\/\/udawards.com\/de\/product\/eicheplex-trophaee\/","title":{"rendered":"EichePlex-Troph\u00e4e"},"content":{"rendered":"<p>Feiern Sie Erfolge mit dieser modernen, handgefertigten Auszeichnung! Diese einzigartige Troph\u00e4e aus massiver Eiche und schwarzem Plexiglas mit UV-Druck eignet sich perfekt f\u00fcr Firmenpreise, Mitarbeiteranerkennung und besondere Anl\u00e4sse. Personalisieren Sie sie mit individuellem Text, um sie wirklich unvergesslich zu machen. Ihr modernes Design verleiht jedem Raum einen Hauch von Eleganz.   <\/p>\n","protected":false},"excerpt":{"rendered":"<ul>\n<li>Wir erstellen das Layout innerhalb von 1\u20133 Werktagen nach Auftragserteilung.<\/li>\n<li>Die Produktionszeit kann 3-7 Werktage ab dem Datum der Genehmigung des Layouts betragen.<\/li>\n<\/ul>\n","protected":false},"featured_media":20471,"comment_status":"closed","ping_status":"closed","template":"","meta":{"content-type":""},"product_brand":[],"product_cat":[228],"product_tag":[],"class_list":{"0":"post-20468","1":"product","2":"type-product","3":"status-publish","4":"has-post-thumbnail","6":"product_cat-trophaen-aus-gemischten-materialien","8":"first","9":"instock","10":"taxable","11":"shipping-taxable","12":"purchasable","13":"product-type-variable","14":"has-default-attributes"},"_links":{"self":[{"href":"https:\/\/udawards.com\/de\/wp-json\/wp\/v2\/product\/20468","targetHints":{"allow":["GET"]}}],"collection":[{"href":"https:\/\/udawards.com\/de\/wp-json\/wp\/v2\/product"}],"about":[{"href":"https:\/\/udawards.com\/de\/wp-json\/wp\/v2\/types\/product"}],"replies":[{"embeddable":true,"href":"https:\/\/udawards.com\/de\/wp-json\/wp\/v2\/comments?post=20468"}],"wp:featuredmedia":[{"embeddable":true,"href":"https:\/\/udawards.com\/de\/wp-json\/wp\/v2\/media\/20471"}],"wp:attachment":[{"href":"https:\/\/udawards.com\/de\/wp-json\/wp\/v2\/media?parent=20468"}],"wp:term":[{"taxonomy":"product_brand","embeddable":true,"href":"https:\/\/udawards.com\/de\/wp-json\/wp\/v2\/product_brand?post=20468"},{"taxonomy":"product_cat","embeddable":true,"href":"https:\/\/udawards.com\/de\/wp-json\/wp\/v2\/product_cat?post=20468"},{"taxonomy":"product_tag","embeddable":true,"href":"https:\/\/udawards.com\/de\/wp-json\/wp\/v2\/product_tag?post=20468"}],"curies":[{"name":"wp","href":"https:\/\/api.w.org\/{rel}","templated":true}]}}