{"id":20433,"date":"2024-10-24T21:28:49","date_gmt":"2024-10-24T18:28:49","guid":{"rendered":"https:\/\/udawards.com\/product\/innovative-eichen%e2%80%91trophaee\/"},"modified":"2025-11-14T03:05:43","modified_gmt":"2025-11-14T01:05:43","slug":"innovative-eichen%e2%80%91trophaee","status":"publish","type":"product","link":"https:\/\/udawards.com\/de\/product\/innovative-eichen%e2%80%91trophaee\/","title":{"rendered":"Innovative Eichen\u2011Troph\u00e4e"},"content":{"rendered":"<p>Ideal f\u00fcr Firmenpreise, pers\u00f6nliche Erfolge oder besondere Ehrungen \u2013 diese Troph\u00e4e setzt in jedem Umfeld einen Akzent. Das elegante Design macht sie zu einem gesch\u00e4tzten Andenken f\u00fcr jeden Empf\u00e4nger. <\/p>\n<p>Gefertigt aus nat\u00fcrlicher Eiche, veredelt mit Plexiglas- und Flexibrass\u2011Akzenten.<\/p>\n","protected":false},"excerpt":{"rendered":"<ul>\n<li>Wir erstellen das Layout innerhalb von 1\u20133 Werktagen nach Auftragserteilung.<\/li>\n<li>Die Produktionszeit kann 3-7 Werktage ab dem Datum der Genehmigung des Layouts betragen.<\/li>\n<\/ul>\n","protected":false},"featured_media":20435,"comment_status":"closed","ping_status":"closed","template":"","meta":{"content-type":""},"product_brand":[],"product_cat":[228],"product_tag":[],"class_list":{"0":"post-20433","1":"product","2":"type-product","3":"status-publish","4":"has-post-thumbnail","6":"product_cat-trophaen-aus-gemischten-materialien","8":"first","9":"instock","10":"taxable","11":"shipping-taxable","12":"purchasable","13":"product-type-variable","14":"has-default-attributes"},"_links":{"self":[{"href":"https:\/\/udawards.com\/de\/wp-json\/wp\/v2\/product\/20433","targetHints":{"allow":["GET"]}}],"collection":[{"href":"https:\/\/udawards.com\/de\/wp-json\/wp\/v2\/product"}],"about":[{"href":"https:\/\/udawards.com\/de\/wp-json\/wp\/v2\/types\/product"}],"replies":[{"embeddable":true,"href":"https:\/\/udawards.com\/de\/wp-json\/wp\/v2\/comments?post=20433"}],"wp:featuredmedia":[{"embeddable":true,"href":"https:\/\/udawards.com\/de\/wp-json\/wp\/v2\/media\/20435"}],"wp:attachment":[{"href":"https:\/\/udawards.com\/de\/wp-json\/wp\/v2\/media?parent=20433"}],"wp:term":[{"taxonomy":"product_brand","embeddable":true,"href":"https:\/\/udawards.com\/de\/wp-json\/wp\/v2\/product_brand?post=20433"},{"taxonomy":"product_cat","embeddable":true,"href":"https:\/\/udawards.com\/de\/wp-json\/wp\/v2\/product_cat?post=20433"},{"taxonomy":"product_tag","embeddable":true,"href":"https:\/\/udawards.com\/de\/wp-json\/wp\/v2\/product_tag?post=20433"}],"curies":[{"name":"wp","href":"https:\/\/api.w.org\/{rel}","templated":true}]}}