{"id":20369,"date":"2024-10-10T19:42:32","date_gmt":"2024-10-10T16:42:32","guid":{"rendered":"https:\/\/udawards.com\/product\/reine-eichen-trophaee\/"},"modified":"2025-11-14T03:01:10","modified_gmt":"2025-11-14T01:01:10","slug":"reine-eichen-trophaee","status":"publish","type":"product","link":"https:\/\/udawards.com\/de\/product\/reine-eichen-trophaee\/","title":{"rendered":"Reine Eichen-Troph\u00e4e"},"content":{"rendered":"<p>Moderne Holzplakette aus massiver Eiche mit Holzlasur veredelt. Die Plaketten sind in drei Gr\u00f6\u00dfen erh\u00e4ltlich und jeweils mit Flexibrass-R\u00e4ndern versehen, die einen dezenten metallischen Akzent setzen und so f\u00fcr eine elegante, raffinierte Optik sorgen.<\/p>\n<p>Ideal f\u00fcr Firmenauszeichnungen, Anerkennungsveranstaltungen oder als Geschenk \u2013 diese Plaketten bieten eine stilvolle M\u00f6glichkeit, Erfolge zu feiern. Die Kombination aus massiver Eiche und Flexibrass verleiht Robustheit und eine edle \u00c4sthetik, sodass sie sich hervorragend f\u00fcr die Pr\u00e4sentation im B\u00fcro oder Zuhause eignen.<\/p>\n","protected":false},"excerpt":{"rendered":"<div class=\"woocommerce-product-details__short-description\">\n<ul>\n<li>Wir erstellen das Layout innerhalb von 1\u20133 Werktagen nach Auftragserteilung.<\/li>\n<li>Die Produktionszeit kann 3-7 Werktage ab dem Datum der Genehmigung des Layouts betragen.<\/li>\n<\/ul>\n<\/div>\n<form class=\"variations_form cart\" style=\"box-sizing: inherit; -webkit-tap-highlight-color: rgba(0, 0, 0, 0); margin: 0px 0px 30px; padding: 0px; flex-wrap: wrap !important; color: #545454; font-family: Mulish, -apple-system, 'system-ui', Arial, Helvetica, 'Helvetica Neue', Verdana, sans-serif; font-size: 16px; font-style: normal; font-variant-ligatures: normal; font-variant-caps: normal; font-weight: 400; letter-spacing: normal; orphans: 2; text-align: start; text-indent: 0px; text-transform: none; widows: 2; word-spacing: 0px; -webkit-text-stroke-width: 0px; white-space: normal; background-color: #ffffff; text-decoration-thickness: initial; text-decoration-style: initial; text-decoration-color: initial;\" action=\"https:\/\/udawards.com\/product\/edge-line-plaque\/\" autocomplete=\"off\" enctype=\"multipart\/form-data\" method=\"post\" data-product_id=\"17718\" data-product_variations=\"[{\"attributes\":{\"attribute_pa_sizes\":\"large\"},\"availability_html\":\"\",\"backorders_allowed\":false,\"dimensions\":{\"length\":\"20\",\"width\":\"20\",\"height\":\"3\"},\"dimensions_html\":\"20 \u00d7 20 \u00d7 3 cm\",\"display_price\":58,\"display_regular_price\":58,\"image\":{\"title\":\"AZ047-03\",\"caption\":\"\",\"url\":\"https:\\\/\\\/udawards.com\\\/wp-content\\\/uploads\\\/2024\\\/10\\\/AZ047-03.jpg\",\"alt\":\"AZ047-03\",\"src\":\"https:\\\/\\\/udawards.com\\\/wp-content\\\/uploads\\\/2024\\\/10\\\/AZ047-03-920x920.jpg\",\"srcset\":\"https:\\\/\\\/udawards.com\\\/wp-content\\\/uploads\\\/2024\\\/10\\\/AZ047-03-920x920.jpg 920w, https:\\\/\\\/udawards.com\\\/wp-content\\\/uploads\\\/2024\\\/10\\\/AZ047-03-300x300.jpg 300w, https:\\\/\\\/udawards.com\\\/wp-content\\\/uploads\\\/2024\\\/10\\\/AZ047-03-1024x1024.jpg 1024w, https:\\\/\\\/udawards.com\\\/wp-content\\\/uploads\\\/2024\\\/10\\\/AZ047-03-150x150.jpg 150w, https:\\\/\\\/udawards.com\\\/wp-content\\\/uploads\\\/2024\\\/10\\\/AZ047-03-768x768.jpg 768w, https:\\\/\\\/udawards.com\\\/wp-content\\\/uploads\\\/2024\\\/10\\\/AZ047-03-1536x1536.jpg 1536w, https:\\\/\\\/udawards.com\\\/wp-content\\\/uploads\\\/2024\\\/10\\\/AZ047-03-350x350.jpg 350w, https:\\\/\\\/udawards.com\\\/wp-content\\\/uploads\\\/2024\\\/10\\\/AZ047-03-100x100.jpg 100w, https:\\\/\\\/udawards.com\\\/wp-content\\\/uploads\\\/2024\\\/10\\\/AZ047-03.jpg 2000w\",\"sizes\":\"(max-width: 920px) 100vw, 920px\",\"full_src\":\"https:\\\/\\\/udawards.com\\\/wp-content\\\/uploads\\\/2024\\\/10\\\/AZ047-03.jpg\",\"full_src_w\":2000,\"full_src_h\":2000,\"gallery_thumbnail_src\":\"https:\\\/\\\/udawards.com\\\/wp-content\\\/uploads\\\/2024\\\/10\\\/AZ047-03-150x150.jpg\",\"gallery_thumbnail_src_w\":150,\"gallery_thumbnail_src_h\":150,\"thumb_src\":\"https:\\\/\\\/udawards.com\\\/wp-content\\\/uploads\\\/2024\\\/10\\\/AZ047-03-350x350.jpg\",\"thumb_src_w\":350,\"thumb_src_h\":350,\"src_w\":920,\"src_h\":920},\"image_id\":17721,\"is_downloadable\":false,\"is_in_stock\":true,\"is_purchasable\":true,\"is_sold_individually\":\"no\",\"is_virtual\":false,\"max_qty\":\"\",\"min_qty\":1,\"price_html\":\"&lt;span class=\\\"price\\\"&gt;&lt;span class=\\\"woocommerce-Price-amount amount\\\"&gt;&lt;bdi&gt;58,00&nbsp;&lt;span class=\\\"woocommerce-Price-currencySymbol\\\"&gt;\u20ac&lt;\\\/span&gt;&lt;\\\/bdi&gt;&lt;\\\/span&gt;&lt;\\\/span&gt;\",\"sku\":\"AZ047\",\"variation_description\":\"\",\"variation_id\":17750,\"variation_is_active\":true,\"variation_is_visible\":true,\"weight\":\"0.8\",\"weight_html\":\"0,8 kg\"},{\"attributes\":{\"attribute_pa_sizes\":\"medium\"},\"availability_html\":\"\",\"backorders_allowed\":false,\"dimensions\":{\"length\":\"17\",\"width\":\"17\",\"height\":\"3\"},\"dimensions_html\":\"17 \u00d7 17 \u00d7 3 cm\",\"display_price\":55,\"display_regular_price\":55,\"image\":{\"title\":\"AZ047-04\",\"caption\":\"\",\"url\":\"https:\\\/\\\/udawards.com\\\/wp-content\\\/uploads\\\/2024\\\/10\\\/AZ047-04.jpg\",\"alt\":\"AZ047-04\",\"src\":\"https:\\\/\\\/udawards.com\\\/wp-content\\\/uploads\\\/2024\\\/10\\\/AZ047-04-920x920.jpg\",\"srcset\":\"https:\\\/\\\/udawards.com\\\/wp-content\\\/uploads\\\/2024\\\/10\\\/AZ047-04-920x920.jpg 920w, https:\\\/\\\/udawards.com\\\/wp-content\\\/uploads\\\/2024\\\/10\\\/AZ047-04-300x300.jpg 300w, https:\\\/\\\/udawards.com\\\/wp-content\\\/uploads\\\/2024\\\/10\\\/AZ047-04-1024x1024.jpg 1024w, https:\\\/\\\/udawards.com\\\/wp-content\\\/uploads\\\/2024\\\/10\\\/AZ047-04-150x150.jpg 150w, https:\\\/\\\/udawards.com\\\/wp-content\\\/uploads\\\/2024\\\/10\\\/AZ047-04-768x768.jpg 768w, https:\\\/\\\/udawards.com\\\/wp-content\\\/uploads\\\/2024\\\/10\\\/AZ047-04-1536x1536.jpg 1536w, https:\\\/\\\/udawards.com\\\/wp-content\\\/uploads\\\/2024\\\/10\\\/AZ047-04-350x350.jpg 350w, https:\\\/\\\/udawards.com\\\/wp-content\\\/uploads\\\/2024\\\/10\\\/AZ047-04-100x100.jpg 100w, https:\\\/\\\/udawards.com\\\/wp-content\\\/uploads\\\/2024\\\/10\\\/AZ047-04.jpg 2000w\",\"sizes\":\"(max-width: 920px) 100vw, 920px\",\"full_src\":\"https:\\\/\\\/udawards.com\\\/wp-content\\\/uploads\\\/2024\\\/10\\\/AZ047-04.jpg\",\"full_src_w\":2000,\"full_src_h\":2000,\"gallery_thumbnail_src\":\"https:\\\/\\\/udawards.com\\\/wp-content\\\/uploads\\\/2024\\\/10\\\/AZ047-04-150x150.jpg\",\"gallery_thumbnail_src_w\":150,\"gallery_thumbnail_src_h\":150,\"thumb_src\":\"https:\\\/\\\/udawards.com\\\/wp-content\\\/uploads\\\/2024\\\/10\\\/AZ047-04-350x350.jpg\",\"thumb_src_w\":350,\"thumb_src_h\":350,\"src_w\":920,\"src_h\":920},\"image_id\":17722,\"is_downloadable\":false,\"is_in_stock\":true,\"is_purchasable\":true,\"is_sold_individually\":\"no\",\"is_virtual\":false,\"max_qty\":\"\",\"min_qty\":1,\"price_html\":\"&lt;span class=\\\"price\\\"&gt;&lt;span class=\\\"woocommerce-Price-amount amount\\\"&gt;&lt;bdi&gt;55,00&nbsp;&lt;span class=\\\"woocommerce-Price-currencySymbol\\\"&gt;\u20ac&lt;\\\/span&gt;&lt;\\\/bdi&gt;&lt;\\\/span&gt;&lt;\\\/span&gt;\",\"sku\":\"AZ047\",\"variation_description\":\"\",\"variation_id\":17751,\"variation_is_active\":true,\"variation_is_visible\":true,\"weight\":\"0.6\",\"weight_html\":\"0,6 kg\"},{\"attributes\":{\"attribute_pa_sizes\":\"small\"},\"availability_html\":\"\",\"backorders_allowed\":false,\"dimensions\":{\"length\":\"14\",\"width\":\"14\",\"height\":\"3\"},\"dimensions_html\":\"14 \u00d7 14 \u00d7 3 cm\",\"display_price\":52,\"display_regular_price\":52,\"image\":{\"title\":\"AZ047-05\",\"caption\":\"\",\"url\":\"https:\\\/\\\/udawards.com\\\/wp-content\\\/uploads\\\/2024\\\/10\\\/AZ047-05.jpg\",\"alt\":\"AZ047-05\",\"src\":\"https:\\\/\\\/udawards.com\\\/wp-content\\\/uploads\\\/2024\\\/10\\\/AZ047-05-920x920.jpg\",\"srcset\":\"https:\\\/\\\/udawards.com\\\/wp-content\\\/uploads\\\/2024\\\/10\\\/AZ047-05-920x920.jpg 920w, https:\\\/\\\/udawards.com\\\/wp-content\\\/uploads\\\/2024\\\/10\\\/AZ047-05-300x300.jpg 300w, https:\\\/\\\/udawards.com\\\/wp-content\\\/uploads\\\/2024\\\/10\\\/AZ047-05-1024x1024.jpg 1024w, https:\\\/\\\/udawards.com\\\/wp-content\\\/uploads\\\/2024\\\/10\\\/AZ047-05-150x150.jpg 150w, https:\\\/\\\/udawards.com\\\/wp-content\\\/uploads\\\/2024\\\/10\\\/AZ047-05-768x768.jpg 768w, https:\\\/\\\/udawards.com\\\/wp-content\\\/uploads\\\/2024\\\/10\\\/AZ047-05-1536x1536.jpg 1536w, https:\\\/\\\/udawards.com\\\/wp-content\\\/uploads\\\/2024\\\/10\\\/AZ047-05-350x350.jpg 350w, https:\\\/\\\/udawards.com\\\/wp-content\\\/uploads\\\/2024\\\/10\\\/AZ047-05-100x100.jpg 100w, https:\\\/\\\/udawards.com\\\/wp-content\\\/uploads\\\/2024\\\/10\\\/AZ047-05.jpg 2000w\",\"sizes\":\"(max-width: 920px) 100vw, 920px\",\"full_src\":\"https:\\\/\\\/udawards.com\\\/wp-content\\\/uploads\\\/2024\\\/10\\\/AZ047-05.jpg\",\"full_src_w\":2000,\"full_src_h\":2000,\"gallery_thumbnail_src\":\"https:\\\/\\\/udawards.com\\\/wp-content\\\/uploads\\\/2024\\\/10\\\/AZ047-05-150x150.jpg\",\"gallery_thumbnail_src_w\":150,\"gallery_thumbnail_src_h\":150,\"thumb_src\":\"https:\\\/\\\/udawards.com\\\/wp-content\\\/uploads\\\/2024\\\/10\\\/AZ047-05-350x350.jpg\",\"thumb_src_w\":350,\"thumb_src_h\":350,\"src_w\":920,\"src_h\":920},\"image_id\":17723,\"is_downloadable\":false,\"is_in_stock\":true,\"is_purchasable\":true,\"is_sold_individually\":\"no\",\"is_virtual\":false,\"max_qty\":\"\",\"min_qty\":1,\"price_html\":\"&lt;span class=\\\"price\\\"&gt;&lt;span class=\\\"woocommerce-Price-amount amount\\\"&gt;&lt;bdi&gt;52,00&nbsp;&lt;span class=\\\"woocommerce-Price-currencySymbol\\\"&gt;\u20ac&lt;\\\/span&gt;&lt;\\\/bdi&gt;&lt;\\\/span&gt;&lt;\\\/span&gt;\",\"sku\":\"AZ047\",\"variation_description\":\"\",\"variation_id\":17752,\"variation_is_active\":true,\"variation_is_visible\":true,\"weight\":\"0.4\",\"weight_html\":\"0,4 kg\"}]\"><\/form>\n","protected":false},"featured_media":20371,"comment_status":"closed","ping_status":"closed","template":"","meta":{"content-type":""},"product_brand":[],"product_cat":[211],"product_tag":[],"class_list":{"0":"post-20369","1":"product","2":"type-product","3":"status-publish","4":"has-post-thumbnail","6":"product_cat-holz-und-umweltfreundlich","8":"first","9":"instock","10":"taxable","11":"shipping-taxable","12":"purchasable","13":"product-type-variable"},"_links":{"self":[{"href":"https:\/\/udawards.com\/de\/wp-json\/wp\/v2\/product\/20369","targetHints":{"allow":["GET"]}}],"collection":[{"href":"https:\/\/udawards.com\/de\/wp-json\/wp\/v2\/product"}],"about":[{"href":"https:\/\/udawards.com\/de\/wp-json\/wp\/v2\/types\/product"}],"replies":[{"embeddable":true,"href":"https:\/\/udawards.com\/de\/wp-json\/wp\/v2\/comments?post=20369"}],"wp:featuredmedia":[{"embeddable":true,"href":"https:\/\/udawards.com\/de\/wp-json\/wp\/v2\/media\/20371"}],"wp:attachment":[{"href":"https:\/\/udawards.com\/de\/wp-json\/wp\/v2\/media?parent=20369"}],"wp:term":[{"taxonomy":"product_brand","embeddable":true,"href":"https:\/\/udawards.com\/de\/wp-json\/wp\/v2\/product_brand?post=20369"},{"taxonomy":"product_cat","embeddable":true,"href":"https:\/\/udawards.com\/de\/wp-json\/wp\/v2\/product_cat?post=20369"},{"taxonomy":"product_tag","embeddable":true,"href":"https:\/\/udawards.com\/de\/wp-json\/wp\/v2\/product_tag?post=20369"}],"curies":[{"name":"wp","href":"https:\/\/api.w.org\/{rel}","templated":true}]}}