{"id":20357,"date":"2024-10-10T19:17:09","date_gmt":"2024-10-10T16:17:09","guid":{"rendered":"https:\/\/udawards.com\/product\/plakette-mit-feiner-kantenlinie\/"},"modified":"2025-11-14T03:00:22","modified_gmt":"2025-11-14T01:00:22","slug":"plakette-mit-feiner-kantenlinie","status":"publish","type":"product","link":"https:\/\/udawards.com\/de\/product\/plakette-mit-feiner-kantenlinie\/","title":{"rendered":"Plakette mit feiner Kantenlinie"},"content":{"rendered":"<p>Schlanke, moderne Auszeichnung aus hochwertiger massiver Eiche mit einem eleganten Flexibrass-Rahmen. Die glatte Holzfl\u00e4che ist UV-beschichtet, um Ihren individuellen Text und Ihr Logo hervorzuheben und einen eindrucksvollen Kontrast zur nat\u00fcrlichen Maserung zu schaffen.<\/p>\n<p>Ideal f\u00fcr Firmenanerkennungen, Auszeichnungen im Bildungsbereich oder Gedenktafeln, erh\u00e4ltlich in drei Gr\u00f6\u00dfen nach Ihren Bed\u00fcrfnissen.<\/p>\n","protected":false},"excerpt":{"rendered":"<ul>\n<li>Wir erstellen das Layout innerhalb von 1\u20133 Werktagen nach Auftragserteilung.<\/li>\n<li>Die Produktionszeit kann 3-7 Werktage ab dem Datum der Genehmigung des Layouts betragen.<\/li>\n<\/ul>\n","protected":false},"featured_media":20358,"comment_status":"closed","ping_status":"closed","template":"","meta":{"content-type":""},"product_brand":[],"product_cat":[211],"product_tag":[],"class_list":{"0":"post-20357","1":"product","2":"type-product","3":"status-publish","4":"has-post-thumbnail","6":"product_cat-holz-und-umweltfreundlich","8":"first","9":"instock","10":"taxable","11":"shipping-taxable","12":"purchasable","13":"product-type-variable"},"_links":{"self":[{"href":"https:\/\/udawards.com\/de\/wp-json\/wp\/v2\/product\/20357","targetHints":{"allow":["GET"]}}],"collection":[{"href":"https:\/\/udawards.com\/de\/wp-json\/wp\/v2\/product"}],"about":[{"href":"https:\/\/udawards.com\/de\/wp-json\/wp\/v2\/types\/product"}],"replies":[{"embeddable":true,"href":"https:\/\/udawards.com\/de\/wp-json\/wp\/v2\/comments?post=20357"}],"wp:featuredmedia":[{"embeddable":true,"href":"https:\/\/udawards.com\/de\/wp-json\/wp\/v2\/media\/20358"}],"wp:attachment":[{"href":"https:\/\/udawards.com\/de\/wp-json\/wp\/v2\/media?parent=20357"}],"wp:term":[{"taxonomy":"product_brand","embeddable":true,"href":"https:\/\/udawards.com\/de\/wp-json\/wp\/v2\/product_brand?post=20357"},{"taxonomy":"product_cat","embeddable":true,"href":"https:\/\/udawards.com\/de\/wp-json\/wp\/v2\/product_cat?post=20357"},{"taxonomy":"product_tag","embeddable":true,"href":"https:\/\/udawards.com\/de\/wp-json\/wp\/v2\/product_tag?post=20357"}],"curies":[{"name":"wp","href":"https:\/\/api.w.org\/{rel}","templated":true}]}}