{"id":20163,"date":"2025-06-06T09:02:25","date_gmt":"2025-06-06T06:02:25","guid":{"rendered":"https:\/\/udawards.com\/product\/einheitskreis-trophaee\/"},"modified":"2025-11-14T03:27:12","modified_gmt":"2025-11-14T01:27:12","slug":"einheitskreis-trophaee","status":"publish","type":"product","link":"https:\/\/udawards.com\/de\/product\/einheitskreis-trophaee\/","title":{"rendered":"Einheitskreis-Troph\u00e4e"},"content":{"rendered":"<p data-start=\"638\" data-end=\"719\">Handgefertigte, runde Auszeichnung aus Eiche und Plexiglas, modern und personalisiert.<\/p>\n<p data-start=\"1053\" data-end=\"1335\">Jedes St\u00fcck wird sorgf\u00e4ltig mit Holzbeize veredelt, um die nat\u00fcrliche Maserung der Eiche zu betonen, w\u00e4hrend transparentes Plexiglas eine lebendige, farbige Personalisierung erm\u00f6glicht.<\/p>\n<p data-start=\"1585\" data-end=\"1597\">Perfekt f\u00fcr:<\/p>\n<ul>\n<li>Jahresabschluss-Schulauszeichnungen<\/li>\n<li>Mitarbeiter- oder Teamauszeichnungen<\/li>\n<li>Veranstaltungen der Kreativbranche<\/li>\n<li>Marken-Meilensteine oder Jahrestage<\/li>\n<\/ul>\n","protected":false},"excerpt":{"rendered":"<ul>\n<li>Wir erstellen das Layout innerhalb von 1\u20133 Werktagen nach Auftragserteilung.<\/li>\n<li>Die Produktionszeit betr\u00e4gt 10 Werktage ab dem Datum der Freigabe des Layouts.<\/li>\n<\/ul>\n","protected":false},"featured_media":20166,"comment_status":"closed","ping_status":"closed","template":"","meta":{"content-type":""},"product_brand":[],"product_cat":[211],"product_tag":[],"class_list":{"0":"post-20163","1":"product","2":"type-product","3":"status-publish","4":"has-post-thumbnail","6":"product_cat-holz-und-umweltfreundlich","8":"first","9":"instock","10":"taxable","11":"shipping-taxable","12":"purchasable","13":"product-type-variable","14":"has-default-attributes"},"_links":{"self":[{"href":"https:\/\/udawards.com\/de\/wp-json\/wp\/v2\/product\/20163","targetHints":{"allow":["GET"]}}],"collection":[{"href":"https:\/\/udawards.com\/de\/wp-json\/wp\/v2\/product"}],"about":[{"href":"https:\/\/udawards.com\/de\/wp-json\/wp\/v2\/types\/product"}],"replies":[{"embeddable":true,"href":"https:\/\/udawards.com\/de\/wp-json\/wp\/v2\/comments?post=20163"}],"wp:featuredmedia":[{"embeddable":true,"href":"https:\/\/udawards.com\/de\/wp-json\/wp\/v2\/media\/20166"}],"wp:attachment":[{"href":"https:\/\/udawards.com\/de\/wp-json\/wp\/v2\/media?parent=20163"}],"wp:term":[{"taxonomy":"product_brand","embeddable":true,"href":"https:\/\/udawards.com\/de\/wp-json\/wp\/v2\/product_brand?post=20163"},{"taxonomy":"product_cat","embeddable":true,"href":"https:\/\/udawards.com\/de\/wp-json\/wp\/v2\/product_cat?post=20163"},{"taxonomy":"product_tag","embeddable":true,"href":"https:\/\/udawards.com\/de\/wp-json\/wp\/v2\/product_tag?post=20163"}],"curies":[{"name":"wp","href":"https:\/\/api.w.org\/{rel}","templated":true}]}}