{"id":21048,"date":"2025-11-05T16:56:23","date_gmt":"2025-11-05T14:56:23","guid":{"rendered":"https:\/\/udawards.com\/impressum\/"},"modified":"2026-01-19T15:39:34","modified_gmt":"2026-01-19T13:39:34","slug":"impressum","status":"publish","type":"page","link":"https:\/\/udawards.com\/de\/impressum\/","title":{"rendered":"Impressum"},"content":{"rendered":"\t\t<div data-elementor-type=\"wp-page\" data-elementor-id=\"21048\" class=\"elementor elementor-21048 elementor-19947\" data-elementor-post-type=\"page\">\n\t\t\t\t<div class=\"elementor-element elementor-element-5a5600a e-flex e-con-boxed e-con e-parent\" data-id=\"5a5600a\" data-element_type=\"container\" data-e-type=\"container\">\n\t\t\t\t\t<div class=\"e-con-inner\">\n\t\t\t\t<div class=\"elementor-element elementor-element-93c61d6 elementor-widget elementor-widget-html\" data-id=\"93c61d6\" data-element_type=\"widget\" data-e-type=\"widget\" data-widget_type=\"html.default\">\n\t\t\t\t\t<!DOCTYPE html>\r\n<html lang=\"de\">\r\n<head>\r\n<meta charset=\"UTF-8\">\r\n<meta name=\"viewport\" content=\"width=device-width, initial-scale=1.0\">\r\n<title>Impressum | UDAwards<\/title>\r\n<style>\r\n  body { font-family: Arial, sans-serif; line-height: 1.6; color: #333; margin: 2em; }\r\n  h1, h2, h3 { color: #222; }\r\n  p, li { margin-bottom: 0.8em; }\r\n  a { color: #0073aa; text-decoration: none; }\r\n  a:hover { text-decoration: underline; }\r\n  ul { margin-left: 1.2em; }\r\n  hr { margin: 2em 0; border: 0; border-top: 1px solid #ddd; }\r\n<\/style>\r\n<\/head>\r\n<body>\r\n<h1>Impressum<\/h1>\r\n<h2>Informationen gem\u00e4\u00df \u00a7 5 TMG<\/h2>\r\n<p><strong>Firmenname:<\/strong> UDAwards UG <br><strong>Rechtsform:<\/strong> UG (haftungsbeschr\u00e4nkt)<br><strong>Sitz:<\/strong> Uosi\u0173 Sod\u0173 18-oji g. 6, LT-11129 Vilnius, Lithuania<br><strong>Handelsregister:<\/strong> 305769653, Registergericht: Vilnius<br><strong>USt-IdNr.:<\/strong> LT100014258811<\/p>\r\n<h2>Kontakt<\/h2>\r\n<p><strong>Telefon:<\/strong> +370 618 88992<br><strong>E-Mail:<\/strong> <a href=\"mailto:info@udawards.com\">info@udawards.com<\/a><\/p>\r\n<h3>Vertretungsberechtigte: K\u0161y\u0161tof Zacha\u017eevski<\/h3>\r\n<h2>Regulierungs- und Lizenzinformationen<\/h2>\r\n<p><strong>LUCID Verpackungsregister<\/strong>: DE5535966480986<\/p>\r\n\r\n<h2>Online-Streitbeilegung (ODR)<\/h2>\r\n<p>Die Europ\u00e4ische Kommission stellt eine Plattform zur Online-Streitbeilegung (OS) bereit, die Sie unter <a href=\"https:\/\/ec.europa.eu\/consumers\/odr\/\" target=\"_blank\" rel=\"noopener\">https:\/\/ec.europa.eu\/consumers\/odr\/<\/a> finden.<\/p>\r\n<p>Wir sind weder bereit noch verpflichtet, an Streitbeilegungsverfahren vor einer Verbraucherschlichtungsstelle teilzunehmen.<\/p>\r\n\r\n<h2>Datenschutz<\/h2>\r\n<p>Informationen zum Umgang mit Ihren personenbezogenen Daten finden Sie in unserer <a href=\"https:\/\/udawards.com\/de\/datenschutzbestimmungen\/\">Datenschutzerkl\u00e4rung<\/a>.<\/p>\r\n\r\n<h2>Haftungsausschluss<\/h2>\r\n<h3>Haftung f\u00fcr Inhalte<\/h3>\r\n<p>Die Inhalte unserer Website wurden mit gr\u00f6\u00dfter Sorgfalt erstellt. Wir k\u00f6nnen jedoch keine Gew\u00e4hr f\u00fcr die Richtigkeit, Vollst\u00e4ndigkeit oder Aktualit\u00e4t der Inhalte \u00fcbernehmen.<\/p>\r\n<h3>Haftung f\u00fcr Links<\/h3>\r\n<p>Unsere Website enth\u00e4lt Links zu externen Websites Dritter, auf deren Inhalte wir keinen Einfluss haben. Deshalb k\u00f6nnen wir f\u00fcr diese fremden Inhalte keine Haftung \u00fcbernehmen. F\u00fcr die Inhalte der verlinkten Seiten ist stets der jeweilige Anbieter oder Betreiber der Seiten verantwortlich. Die verlinkten Seiten wurden zum Zeitpunkt der Verlinkung auf m\u00f6gliche Rechtsverst\u00f6\u00dfe \u00fcberpr\u00fcft. Rechtswidrige Inhalte waren zum Zeitpunkt der Verlinkung nicht erkennbar.<\/p>\r\n<h3>Urheberrecht<\/h3>\r\n<p>Die durch die Websitebetreiber erstellten Inhalte und Werke auf diesen Seiten unterliegen dem deutschen Urheberrecht. Beitr\u00e4ge Dritter sind als solche gekennzeichnet. Die Vervielf\u00e4ltigung, Bearbeitung, Verbreitung und jede Art der Verwertung au\u00dferhalb der Grenzen des Urheberrechtes bed\u00fcrfen der schriftlichen Zustimmung des jeweiligen Autors bzw. Erstellers.<\/p>\r\n<hr>\r\n<p>Zuletzt aktualisiert: Januar 2026<\/p>\r\n<\/body>\r\n<\/html>\t\t\t\t<\/div>\n\t\t\t\t\t<\/div>\n\t\t\t\t<\/div>\n\t\t\t\t<\/div>\n\t\t","protected":false},"excerpt":{"rendered":"<p>Impressum | UDAwards Impressum Informationen gem\u00e4\u00df \u00a7 5 TMG Firmenname: UDAwards UG Rechtsform: UG (haftungsbeschr\u00e4nkt)Sitz: Uosi\u0173 Sod\u0173 18-oji g. 6, LT-11129 Vilnius, LithuaniaHandelsregister: 305769653, Registergericht: VilniusUSt-IdNr.: LT100014258811 Kontakt Telefon: +370 618 88992E-Mail: info@udawards.com Vertretungsberechtigte: K\u0161y\u0161tof Zacha\u017eevski Regulierungs- und Lizenzinformationen LUCID Verpackungsregister: DE5535966480986 Online-Streitbeilegung (ODR) Die Europ\u00e4ische Kommission stellt eine Plattform zur Online-Streitbeilegung (OS) bereit, die [&hellip;]<\/p>\n","protected":false},"author":2,"featured_media":0,"parent":0,"menu_order":0,"comment_status":"closed","ping_status":"closed","template":"","meta":{"content-type":"","footnotes":""},"class_list":["post-21048","page","type-page","status-publish","hentry"],"_links":{"self":[{"href":"https:\/\/udawards.com\/de\/wp-json\/wp\/v2\/pages\/21048","targetHints":{"allow":["GET"]}}],"collection":[{"href":"https:\/\/udawards.com\/de\/wp-json\/wp\/v2\/pages"}],"about":[{"href":"https:\/\/udawards.com\/de\/wp-json\/wp\/v2\/types\/page"}],"author":[{"embeddable":true,"href":"https:\/\/udawards.com\/de\/wp-json\/wp\/v2\/users\/2"}],"replies":[{"embeddable":true,"href":"https:\/\/udawards.com\/de\/wp-json\/wp\/v2\/comments?post=21048"}],"version-history":[{"count":11,"href":"https:\/\/udawards.com\/de\/wp-json\/wp\/v2\/pages\/21048\/revisions"}],"predecessor-version":[{"id":21563,"href":"https:\/\/udawards.com\/de\/wp-json\/wp\/v2\/pages\/21048\/revisions\/21563"}],"wp:attachment":[{"href":"https:\/\/udawards.com\/de\/wp-json\/wp\/v2\/media?parent=21048"}],"curies":[{"name":"wp","href":"https:\/\/api.w.org\/{rel}","templated":true}]}}